{"id":123,"date":"2025-01-29T16:05:17","date_gmt":"2025-01-29T15:05:17","guid":{"rendered":"https:\/\/www.ecosafetechnology.com\/it\/centro-privacy\/disclaimer\/"},"modified":"2025-01-29T16:24:41","modified_gmt":"2025-01-29T15:24:41","slug":"disclaimer-per-copyright","status":"publish","type":"page","link":"https:\/\/www.ecosafetechnology.com\/it\/centro-privacy\/disclaimer-per-copyright\/","title":{"rendered":"Disclaimer per copyright"},"content":{"rendered":"\t\t<div data-elementor-type=\"wp-page\" data-elementor-id=\"123\" class=\"elementor elementor-123\" data-elementor-post-type=\"page\">\n\t\t\t\t<div class=\"elementor-element elementor-element-6c457fd e-flex e-con-boxed e-con e-parent\" data-id=\"6c457fd\" data-element_type=\"container\" data-settings=\"{&quot;background_background&quot;:&quot;classic&quot;}\">\n\t\t\t\t\t<div class=\"e-con-inner\">\n\t\t\t\t<div class=\"elementor-element elementor-element-a0d5242 elementor-widget elementor-widget-spacer\" data-id=\"a0d5242\" data-element_type=\"widget\" data-widget_type=\"spacer.default\">\n\t\t\t\t<div class=\"elementor-widget-container\">\n\t\t\t\t\t\t\t<div class=\"elementor-spacer\">\n\t\t\t<div class=\"elementor-spacer-inner\"><\/div>\n\t\t<\/div>\n\t\t\t\t\t\t<\/div>\n\t\t\t\t<\/div>\n\t\t\t\t\t<\/div>\n\t\t\t\t<\/div>\n\t\t<div class=\"elementor-element elementor-element-7f39b1a4 e-flex e-con-boxed e-con e-parent\" data-id=\"7f39b1a4\" data-element_type=\"container\">\n\t\t\t\t\t<div class=\"e-con-inner\">\n\t\t\t\t<div class=\"elementor-element elementor-element-ceb2bfe elementor-widget elementor-widget-heading\" data-id=\"ceb2bfe\" data-element_type=\"widget\" data-widget_type=\"heading.default\">\n\t\t\t\t<div class=\"elementor-widget-container\">\n\t\t\t\t\t<h1 class=\"elementor-heading-title elementor-size-default\">Disclaimer per copyright<\/h1>\t\t\t\t<\/div>\n\t\t\t\t<\/div>\n\t\t\t\t<div class=\"elementor-element elementor-element-16d36b75 elementor-widget elementor-widget-text-editor\" data-id=\"16d36b75\" data-element_type=\"widget\" data-widget_type=\"text-editor.default\">\n\t\t\t\t<div class=\"elementor-widget-container\">\n\t\t\t\t\t\t\t\t\t<h2><strong>Linee guida generali sulla tutela dei diritti di propriet\u00e0 intellettuale e industriale sul sito<\/strong><\/h2><p><strong>Sito web www.ecosafetechnology.com\u00a0<\/strong><\/p><p>Tutti i contenuti di questo sito web sono propriet\u00e0 esclusiva e riservata del titolare e\/o dei suoi aventi causa e\/o di terzi soggetti ove indicati, e sono protetti dalle vigenti norme nazionali ed internazionali in materia di tutela dei diritti di Propriet\u00e0 Intellettuale e\/o Industriale.<\/p><p>Con la dizione \u201cSito\u201d si intende fare riferimento ad ogni contenuto ed elemento tecnico-informatico a base del Sito medesimo, ivi compresi, a titolo esemplificativo e non esaustivo, i software che ne consentono l\u2019operativit\u00e0 ed i relativi codici, le banche dati elettroniche, i testi, le fotografie, le animazioni, i file audio e video indipendentemente dal formato, le riproduzioni di marchi, logo, etc le soluzioni tecniche adottate, le realizzazioni grafiche, la struttura ed ogni altra parte gi\u00e0 realizzata o da realizzare.<\/p><p>Con la dizione \u201cDiritti di Propriet\u00e0 Intellettuale e Industriale\u201d relativi al Sito si intende fare riferimento al complesso dei diritti riconosciuti e tutelati dalle vigenti normative nazionali ed internazionali, tra cui \u2013 a titolo esemplificativo e non esaustivo, relativamente a tutti gli Stati del mondo e senza alcun termine \u2013 ogni diritto discendente da brevetti (ivi compreso il diritto di deposito della relativa domanda), diritti d\u2019autore presenti o futuri, marchi d\u2019impresa e\/o di servizio (sia registrato che utilizzato in via di fatto dal Titolare), brand, nomi commerciali, ditte, know-how, nomi a dominio, banche di dati e tutte le relative applicazioni.<\/p><p>Con la dizione \u201cMateriali\u201d si intende fare riferimento ad ogni contenuto del Sito rappresentato \u2013 a titolo esemplificativo e non esaustivo \u2013 da testi, immagini, realizzazioni grafiche, files, software di ogni tipo, materiali audio, video, animazioni virtuali, elementi multimediali e\/o ipertestuali, indipendentemente dai formati, dai supporti che li contengono, dall\u2019estensione (a titolo esemplificativo e non esaustivo: mp3, wav, jpg, mpeg, gif, doc, etc), dalla dimensione, dalle versioni in uso, dalle tecniche utilizzate per la loro distribuzione e\/o trasmissione.<\/p><p>I Materiali pubblicati sul Sito non potranno essere utilizzati senza avere ottenuto una previa autorizzazione scritta da parte del Titolare e\/o dagli aventi diritto che se ne riservano espressamente ogni forma di riproduzione ed utilizzo e \u2013 ove non irragionevolmente negata tale autorizzazione per iscritto \u2013 dovranno comunque:<\/p><ol><li>rimanere nel loro formato originale e, qualora riprodotti, dovranno sempre recare le indicazioni proprietarie o relative al copyright o agli autori;<\/li><li>non comportare l\u2019utilizzo, a qualsiasi titolo e per qualsiasi finalit\u00e0, a scopo di lucro;<\/li><li>citare la fonte, l\u2019autore e\/o titolare dei diritti sui Materiali e l\u2019indirizzo web da cui sono stati tratti;<\/li><\/ol><p>L\u2019utilizzo in qualsiasi modo ed a qualsiasi titolo di Materiali rappresentati da testi legali (es: informative, condizioni contrattuali, etc) pubblicati on line sul Sito \u00e8 strettamente vietato. Ogni violazione sar\u00e0 perseguita a norma di legge. Per l\u2019inserimento dei materiali pubblicati sul Sito collezioni e\/o antologie \u2013 anche digitali \u2013 \u00a0\u00e8 necessario richiedere l\u2019autorizzazione scritta del Titolare.<\/p><h3><strong>Riproduzione Di Articoli, Notizie Giornalistiche E Rassegne Stampa<\/strong><\/h3><p>La riproduzione e l\u2019utilizzo degli articoli contenuti nella sezione \u201cNotizie\u201d del Sito dovr\u00e0 essere conforme a quanto previsto dagli articoli 65 e 101 della Legge 22 Aprile 1941, n. 633 e successive modifiche ed integrazioni, che prevedono: (art. 65) \u201c\u00a0<em>gli articoli di attualit\u00e0 di carattere economico, politico o religioso, pubblicati nelle riviste o nei giornali, oppure radiodiffusi o messi a disposizione del pubblico, e gli altri materiali dello stesso carattere possono essere liberamente riprodotti o comunicati al pubblico in altre riviste o giornali, anche radiotelevisivi, se la riproduzione o l\u2019utilizzazione non \u00e8 stata espressamente riservata, purch\u00e9 si indichino la fonte da cui sono tratti, la data e il nome dell\u2019autore, se riportato<\/em>\u00a0\u201d; (art. 101) \u201c\u00a0<em>la riproduzione di informazioni e notizie \u00e8 lecita purch\u00e9 non sia effettuata con l\u2019impiego di atti contrari agli usi onesti in materia giornalistica e purch\u00e9 se ne citi la fonte<\/em>. \u201d<\/p><h3><strong>Banche Dati Elettroniche<\/strong><\/h3><p>Ogni diritto sulle banche dati elettroniche eventualmente presenti e consultabili sul Sito \u00e8 riservato. E\u2019 vietata, ove non diversamente previsto, l\u2019estrazione, la riproduzione e ogni altro utilizzo, nei limiti di quanto previsto dagli articolo 64-<em>quinquies\u00a0<\/em>e 64-<em>sexies<\/em>\u00a0della Legge 22 Aprile 1941, n. 633 e successive modifiche ed integrazioni. Sul punto, si ricorda che ai sensi dell\u2019articolo 102-<em>ter<\/em>\u00a0della citata legge, l\u2019utente legittimo della banca di dati elettronica messa a disposizione del pubblico non pu\u00f2 arrecare pregiudizio al titolare del diritto d\u2019autore o di un altro diritto connesso relativo ad opere o prestazioni contenute in tale banca. Inoltre, l\u2019utente legittimo di una banca di dati messa in qualsiasi modo a disposizione del pubblico non pu\u00f2 eseguire operazioni che siano in contrasto con la normale gestione della banca di dati o che arrechino un ingiustificato pregiudizio al costitutore della banca di dati. Non sono soggette all\u2019autorizzazione del costitutore della banca di dati messa per qualsiasi motivo a disposizione del pubblico le attivit\u00e0 di estrazione o reimpiego di parti non sostanziali, valutate in termini qualitativi e quantitativi, del contenuto della banca di dati per qualsivoglia fine effettuate dall\u2019utente legittimo.<\/p><h3><strong>Marchi, Nomi A Dominio E Altri Segni Distintivi<\/strong><\/h3><p>I marchi, i nomi commerciali, i logotipi, i nomi a dominio e qualsiasi altro segno distintivo cos\u00ec come tutti i contenuti, i testi, le immagini, i software riportati su questo sito, le combinazioni di colori, la selezione della struttura, la gestione e la presentazione dei suoi contenuti sono propriet\u00e0 esclusiva del titolare e\/o dei suoi partners o danti causa o aventi causa.<\/p><p>Essi non possono essere utilizzati \u2013 per qualsiasi fine \u2013 senza il preventivo consenso scritto. I segni distintivi qui pubblicati non possono essere utilizzati come indirizzi Internet e\/o nomi a dominio per altri siti web, o quali parti di tali indirizzi e nomi a dominio, senza il preventivo consenso scritto.<\/p><p>Tutti i diritti di propriet\u00e0 intellettuale e industriale cos\u00ec come previsti dalle normative nazionali e internazionali di settore sono espressamente riservati ai titolari. In caso di violazione, gli autori saranno perseguiti a norma di legge.<\/p><h3><strong>Varie<\/strong><\/h3><p>Per qualsiasi chiarimento in ordine all\u2019utilizzo dei Materiali disponibili sul Sito e\/o in merito al regime dei Diritti di Propriet\u00e0 Intellettuale e Industriale, \u00e8 possibile contattare il responsabile <strong>ECOSAFE TECHNOLOGY SRL<i>\u00a0<\/i>all\u2019indirizzo estsrl@ecosafetechnology.com.\u00a0\u00a0<\/strong><\/p><p>I Materiali pubblicati nel Sito sono stati attentamente vagliati e analizzati, e sono stati elaborati con la massima cura. In ogni caso errori, inesattezze e omissioni sono possibili. Ad esclusione di servizi legali professionali forniti on-line, il Titolare non potr\u00e0 essere ritenuto responsabile \u2013 con riferimento ai Materiali liberamente consultabili sul Sito \u2013 per errori ed omissioni n\u00e9 per qualsiasi affidamento che l\u2019utente faccia circa i Materiali.<\/p><p>Ove non diversamente previsto, le informazioni contenute nei Materiali hanno carattere esclusivamente informativo e di aggiornamento e non hanno carattere esaustivo, n\u00e9 possono essere intese come espressione di un parere o di una indicazione o presupposto al fine di adottare decisioni. Il Titolare non potr\u00e0 essere considerato responsabile per qualsiasi azione od omissione posta in essere dagli utenti a seguito dell\u2019uso delle informazioni contenute nei Materiali senza aver richiesto preventivamente al Titolare uno specifico approfondimento o parere in merito.<\/p><p>L\u2019utente si impegna a rispettare scrupolosamente le condizioni di utilizzo dei Materiali fruibili sul Sito ed a rispettare tutti i Diritti di Propriet\u00e0 Intellettuale e Industriale ad essi relativi. L\u2019utente risponder\u00e0 in proprio di tutti gli eventuali atti illeciti o lesivi ad esso imputabili, conferendo altres\u00ec la pi\u00f9 ampia manleva al Titolare nel caso il comportamento in violazione delle normative nazionali e\/o internazionali a tutela della Propriet\u00e0 Intellettuale e\/o Industriale \u2013 quivi integralmente richiamate ed applicabili per quanto non espressamente previsto \u2013 leda diritti di terzi soggetti in genere.<\/p>\t\t\t\t\t\t\t\t<\/div>\n\t\t\t\t<\/div>\n\t\t\t\t\t<\/div>\n\t\t\t\t<\/div>\n\t\t\t\t<\/div>\n\t\t","protected":false},"excerpt":{"rendered":"<p>Disclaimer per copyright Linee guida generali sulla tutela dei diritti di propriet\u00e0 intellettuale e industriale sul sito Sito web www.ecosafetechnology.com\u00a0 Tutti i contenuti di questo sito web sono propriet\u00e0 esclusiva e riservata del titolare e\/o dei suoi aventi causa e\/o di terzi soggetti ove indicati, e sono protetti dalle vigenti<\/p>\n","protected":false},"author":1,"featured_media":0,"parent":118,"menu_order":0,"comment_status":"closed","ping_status":"closed","template":"","meta":{"footnotes":""},"class_list":["post-123","page","type-page","status-publish","hentry"],"yoast_head":"<!-- This site is optimized with the Yoast SEO plugin v26.0 - https:\/\/yoast.com\/wordpress\/plugins\/seo\/ -->\n<title>Disclaimer per copyright - Ecosafe Technology (IT)<\/title>\n<meta name=\"robots\" content=\"index, follow, max-snippet:-1, max-image-preview:large, max-video-preview:-1\" \/>\n<link rel=\"canonical\" href=\"https:\/\/www.ecosafetechnology.com\/it\/centro-privacy\/disclaimer-per-copyright\/\" \/>\n<meta property=\"og:locale\" content=\"it_IT\" \/>\n<meta property=\"og:type\" content=\"article\" \/>\n<meta property=\"og:title\" content=\"Disclaimer per copyright - Ecosafe Technology (IT)\" \/>\n<meta property=\"og:description\" content=\"Disclaimer per copyright Linee guida generali sulla tutela dei diritti di propriet\u00e0 intellettuale e industriale sul sito Sito web www.ecosafetechnology.com\u00a0 Tutti i contenuti di questo sito web sono propriet\u00e0 esclusiva e riservata del titolare e\/o dei suoi aventi causa e\/o di terzi soggetti ove indicati, e sono protetti dalle vigenti\" \/>\n<meta property=\"og:url\" content=\"https:\/\/www.ecosafetechnology.com\/it\/centro-privacy\/disclaimer-per-copyright\/\" \/>\n<meta property=\"og:site_name\" content=\"Ecosafe Technology (IT)\" \/>\n<meta property=\"article:modified_time\" content=\"2025-01-29T15:24:41+00:00\" \/>\n<meta name=\"twitter:card\" content=\"summary_large_image\" \/>\n<meta name=\"twitter:label1\" content=\"Tempo di lettura stimato\" \/>\n\t<meta name=\"twitter:data1\" content=\"6 minuti\" \/>\n<script type=\"application\/ld+json\" class=\"yoast-schema-graph\">{\"@context\":\"https:\/\/schema.org\",\"@graph\":[{\"@type\":\"WebPage\",\"@id\":\"https:\/\/www.ecosafetechnology.com\/it\/centro-privacy\/disclaimer-per-copyright\/\",\"url\":\"https:\/\/www.ecosafetechnology.com\/it\/centro-privacy\/disclaimer-per-copyright\/\",\"name\":\"Disclaimer per copyright - Ecosafe Technology (IT)\",\"isPartOf\":{\"@id\":\"https:\/\/www.ecosafetechnology.com\/it\/#website\"},\"datePublished\":\"2025-01-29T15:05:17+00:00\",\"dateModified\":\"2025-01-29T15:24:41+00:00\",\"breadcrumb\":{\"@id\":\"https:\/\/www.ecosafetechnology.com\/it\/centro-privacy\/disclaimer-per-copyright\/#breadcrumb\"},\"inLanguage\":\"it-IT\",\"potentialAction\":[{\"@type\":\"ReadAction\",\"target\":[\"https:\/\/www.ecosafetechnology.com\/it\/centro-privacy\/disclaimer-per-copyright\/\"]}]},{\"@type\":\"BreadcrumbList\",\"@id\":\"https:\/\/www.ecosafetechnology.com\/it\/centro-privacy\/disclaimer-per-copyright\/#breadcrumb\",\"itemListElement\":[{\"@type\":\"ListItem\",\"position\":1,\"name\":\"Home\",\"item\":\"https:\/\/www.ecosafetechnology.com\/it\/\"},{\"@type\":\"ListItem\",\"position\":2,\"name\":\"Centro Privacy\",\"item\":\"https:\/\/www.ecosafetechnology.com\/it\/centro-privacy\/\"},{\"@type\":\"ListItem\",\"position\":3,\"name\":\"Disclaimer per copyright\"}]},{\"@type\":\"WebSite\",\"@id\":\"https:\/\/www.ecosafetechnology.com\/it\/#website\",\"url\":\"https:\/\/www.ecosafetechnology.com\/it\/\",\"name\":\"Ecosafe Technology (IT)\",\"description\":\"\",\"potentialAction\":[{\"@type\":\"SearchAction\",\"target\":{\"@type\":\"EntryPoint\",\"urlTemplate\":\"https:\/\/www.ecosafetechnology.com\/it\/?s={search_term_string}\"},\"query-input\":{\"@type\":\"PropertyValueSpecification\",\"valueRequired\":true,\"valueName\":\"search_term_string\"}}],\"inLanguage\":\"it-IT\"}]}<\/script>\n<!-- \/ Yoast SEO plugin. -->","yoast_head_json":{"title":"Disclaimer per copyright - Ecosafe Technology (IT)","robots":{"index":"index","follow":"follow","max-snippet":"max-snippet:-1","max-image-preview":"max-image-preview:large","max-video-preview":"max-video-preview:-1"},"canonical":"https:\/\/www.ecosafetechnology.com\/it\/centro-privacy\/disclaimer-per-copyright\/","og_locale":"it_IT","og_type":"article","og_title":"Disclaimer per copyright - Ecosafe Technology (IT)","og_description":"Disclaimer per copyright Linee guida generali sulla tutela dei diritti di propriet\u00e0 intellettuale e industriale sul sito Sito web www.ecosafetechnology.com\u00a0 Tutti i contenuti di questo sito web sono propriet\u00e0 esclusiva e riservata del titolare e\/o dei suoi aventi causa e\/o di terzi soggetti ove indicati, e sono protetti dalle vigenti","og_url":"https:\/\/www.ecosafetechnology.com\/it\/centro-privacy\/disclaimer-per-copyright\/","og_site_name":"Ecosafe Technology (IT)","article_modified_time":"2025-01-29T15:24:41+00:00","twitter_card":"summary_large_image","twitter_misc":{"Tempo di lettura stimato":"6 minuti"},"schema":{"@context":"https:\/\/schema.org","@graph":[{"@type":"WebPage","@id":"https:\/\/www.ecosafetechnology.com\/it\/centro-privacy\/disclaimer-per-copyright\/","url":"https:\/\/www.ecosafetechnology.com\/it\/centro-privacy\/disclaimer-per-copyright\/","name":"Disclaimer per copyright - Ecosafe Technology (IT)","isPartOf":{"@id":"https:\/\/www.ecosafetechnology.com\/it\/#website"},"datePublished":"2025-01-29T15:05:17+00:00","dateModified":"2025-01-29T15:24:41+00:00","breadcrumb":{"@id":"https:\/\/www.ecosafetechnology.com\/it\/centro-privacy\/disclaimer-per-copyright\/#breadcrumb"},"inLanguage":"it-IT","potentialAction":[{"@type":"ReadAction","target":["https:\/\/www.ecosafetechnology.com\/it\/centro-privacy\/disclaimer-per-copyright\/"]}]},{"@type":"BreadcrumbList","@id":"https:\/\/www.ecosafetechnology.com\/it\/centro-privacy\/disclaimer-per-copyright\/#breadcrumb","itemListElement":[{"@type":"ListItem","position":1,"name":"Home","item":"https:\/\/www.ecosafetechnology.com\/it\/"},{"@type":"ListItem","position":2,"name":"Centro Privacy","item":"https:\/\/www.ecosafetechnology.com\/it\/centro-privacy\/"},{"@type":"ListItem","position":3,"name":"Disclaimer per copyright"}]},{"@type":"WebSite","@id":"https:\/\/www.ecosafetechnology.com\/it\/#website","url":"https:\/\/www.ecosafetechnology.com\/it\/","name":"Ecosafe Technology (IT)","description":"","potentialAction":[{"@type":"SearchAction","target":{"@type":"EntryPoint","urlTemplate":"https:\/\/www.ecosafetechnology.com\/it\/?s={search_term_string}"},"query-input":{"@type":"PropertyValueSpecification","valueRequired":true,"valueName":"search_term_string"}}],"inLanguage":"it-IT"}]}},"_links":{"self":[{"href":"https:\/\/www.ecosafetechnology.com\/it\/wp-json\/wp\/v2\/pages\/123","targetHints":{"allow":["GET"]}}],"collection":[{"href":"https:\/\/www.ecosafetechnology.com\/it\/wp-json\/wp\/v2\/pages"}],"about":[{"href":"https:\/\/www.ecosafetechnology.com\/it\/wp-json\/wp\/v2\/types\/page"}],"author":[{"embeddable":true,"href":"https:\/\/www.ecosafetechnology.com\/it\/wp-json\/wp\/v2\/users\/1"}],"replies":[{"embeddable":true,"href":"https:\/\/www.ecosafetechnology.com\/it\/wp-json\/wp\/v2\/comments?post=123"}],"version-history":[{"count":11,"href":"https:\/\/www.ecosafetechnology.com\/it\/wp-json\/wp\/v2\/pages\/123\/revisions"}],"predecessor-version":[{"id":152,"href":"https:\/\/www.ecosafetechnology.com\/it\/wp-json\/wp\/v2\/pages\/123\/revisions\/152"}],"up":[{"embeddable":true,"href":"https:\/\/www.ecosafetechnology.com\/it\/wp-json\/wp\/v2\/pages\/118"}],"wp:attachment":[{"href":"https:\/\/www.ecosafetechnology.com\/it\/wp-json\/wp\/v2\/media?parent=123"}],"curies":[{"name":"wp","href":"https:\/\/api.w.org\/{rel}","templated":true}]}}