{"id":128,"date":"2025-01-29T16:05:17","date_gmt":"2025-01-29T15:05:17","guid":{"rendered":"https:\/\/www.ecosafetechnology.com\/it\/centro-privacy\/informativa-sulla-privacy\/"},"modified":"2025-01-29T16:32:48","modified_gmt":"2025-01-29T15:32:48","slug":"informativa-sulla-privacy","status":"publish","type":"page","link":"https:\/\/www.ecosafetechnology.com\/it\/centro-privacy\/informativa-sulla-privacy\/","title":{"rendered":"Informativa sulla privacy"},"content":{"rendered":"\t\t<div data-elementor-type=\"wp-page\" data-elementor-id=\"128\" class=\"elementor elementor-128\" data-elementor-post-type=\"page\">\n\t\t\t\t<div class=\"elementor-element elementor-element-84d91f9 e-flex e-con-boxed e-con e-parent\" data-id=\"84d91f9\" data-element_type=\"container\" data-settings=\"{&quot;background_background&quot;:&quot;classic&quot;}\">\n\t\t\t\t\t<div class=\"e-con-inner\">\n\t\t\t\t<div class=\"elementor-element elementor-element-1ef1c0d elementor-widget elementor-widget-spacer\" data-id=\"1ef1c0d\" data-element_type=\"widget\" data-widget_type=\"spacer.default\">\n\t\t\t\t<div class=\"elementor-widget-container\">\n\t\t\t\t\t\t\t<div class=\"elementor-spacer\">\n\t\t\t<div class=\"elementor-spacer-inner\"><\/div>\n\t\t<\/div>\n\t\t\t\t\t\t<\/div>\n\t\t\t\t<\/div>\n\t\t\t\t\t<\/div>\n\t\t\t\t<\/div>\n\t\t<div class=\"elementor-element elementor-element-6304ca82 e-flex e-con-boxed e-con e-parent\" data-id=\"6304ca82\" data-element_type=\"container\">\n\t\t\t\t\t<div class=\"e-con-inner\">\n\t\t\t\t<div class=\"elementor-element elementor-element-bc24f85 elementor-widget elementor-widget-heading\" data-id=\"bc24f85\" data-element_type=\"widget\" data-widget_type=\"heading.default\">\n\t\t\t\t<div class=\"elementor-widget-container\">\n\t\t\t\t\t<h1 class=\"elementor-heading-title elementor-size-default\">Informativa sulla privacy<\/h1>\t\t\t\t<\/div>\n\t\t\t\t<\/div>\n\t\t\t\t<div class=\"elementor-element elementor-element-7656de62 elementor-widget elementor-widget-text-editor\" data-id=\"7656de62\" data-element_type=\"widget\" data-widget_type=\"text-editor.default\">\n\t\t\t\t<div class=\"elementor-widget-container\">\n\t\t\t\t\t\t\t\t\t<h3><strong>INFORMATIVA SUL TRATTAMENTO DEI DATI PERSONALI DEGLI UTENTI DEL SITO WEB<\/strong><\/h3><p>Il Titolare del presente sito, <strong>ECOSAFE TECHNOLOGY SRL<\/strong>, in ottemperanza agli obblighi derivanti dalla normativa nazionale<sup>[1]<\/sup>\u00a0e comunitaria (di seguito GDPR<sup>[2]<\/sup>\u00a0o Regolamento) e successive modifiche, rispetta e tutela la riservatezza degli utenti\/visitatori, mettendo in atto le misure di sicurezza adeguate e proporzionate per non lederne i diritti. La presente informativa si applica esclusivamente alle attivit\u00e0\u00a0<em>online<\/em>\u00a0di questo sito in particolare alla compilazione di\u00a0<em>form<\/em>, alla richiesta di informazioni o a qualsiasi altra forma di interazione con il sito che preveda la comunicazione da parte dell\u2019utente di dati personali. Con essa il Titolare persegue l\u2019obiettivo di fornire la massima trasparenza relativamente alle informazioni che il sito raccoglie e come le usa. Il trattamento sar\u00e0 improntato ai principi di liceit\u00e0, correttezza, trasparenza, limitazione della finalit\u00e0, minimizzazione dei dati, esattezza, limitazione della conservazione, integrit\u00e0, riservatezza e responsabilizzazione. Ai sensi degli artt. 13 e 14 del GDPR e della normativa vigente vengono fornite le seguenti informazioni relative al trattamento che <strong>ECOSAFE TECHNOLOGY SRL<\/strong>\u00a0eseguir\u00e0 con i dati personali:<\/p><ol><li><h3><strong>Soggetti del trattamento<\/strong><\/h3><\/li><\/ol><p>Il Titolare del trattamento dei dati personali \u00e8 <strong>ECOSAFE TECHNOLOGY SRL<\/strong>, avente sede legale in <strong>Via Tre Settembre, 89 &#8211; <\/strong><strong>47891 Dogana (RSM) &#8211; COE SM 30721<\/strong>, contattabile utilizzando l\u2019indirizzo e-mail <strong>estsrl@ecosafetechnology.com.<\/strong><em><br \/><\/em><\/p><ol start=\"2\"><li><h3><strong>Modalit\u00e0 del trattamento e tipologia di dati raccolti<\/strong><\/h3><\/li><\/ol><p>Il Titolare adotta tutte le misure tecniche ed organizzative adeguate a mettere in sicurezza i dati personali trattati. In particolare, tali misure sono volte ad impedire accessi non autorizzati, divulgazione, modifica o distruzione dei dati, che verranno raccolti, trattati e conservati presso gli archivi, sia cartacei che elettronici, del Titolare e\/o dei soggetti interni autorizzati e dei Responsabili esterni a tale scopo espressamente autorizzati. Il trattamento sar\u00e0 effettuato con l\u2019ausilio sia di supporti cartacei, sia di mezzi informatici o strumenti elettronici con logiche di organizzazione ed elaborazione dei dati personali, in modo da garantirne la sicurezza e la riservatezza. Il Titolare potr\u00e0 trattare alcuni dati personali degli utenti che interagiscono con i servizi web del sito, in particolare:<strong>\u00a0<\/strong><\/p><ul><li>dati di navigazione: possono essere acquisiti automaticamente da parte dei sistemi informatici durante l\u2019utilizzo del sito l\u2019indirizzo IP, gli indirizzi in notazione URI<sup>[3]<\/sup>, il tipo di browser e i parametri del dispositivo usato per connettersi al sito, il nome dell\u2019<em>Internet Service Provider<\/em>\u00a0(ISP), la pagina web di provenienza del visitatore<sup>[4]<\/sup>\u00a0e di uscita, nonch\u00e9 i dettagli relativi alla data e orario di visita, alle richieste inviate al server del sito e che ne rendono possibile la navigazione. I dati di navigazione potranno altres\u00ec essere utilizzati per compilare statistiche anonime che permettono di comprendere l\u2019utilizzo del sito e di migliorare la struttura dello stesso. I dati di navigazione potranno eventualmente essere utilizzati per l\u2019accertamento di attivit\u00e0 illecite, come in casi di reati informatici, a danno del sito;<\/li><li>dati anagrafici di contatto (nome e cognome, indirizzo mail, denominazione azienda e recapito telefonico), eventualmente di natura economica e fiscale (nel caso in cui, ad esempio, venga richiesta fattura), necessari per lo svolgimento dei rapporti contrattuali, in essere o futuri, con gli utenti.<\/li><\/ul><p>Non vengono raccolti e trattati in alcun modo \u201ccategorie particolari\u201d di dati personali, ossia dati qualificabili come sensibili<sup>[5]<\/sup>.<\/p><ol start=\"3\"><li><h3><strong>Finalit\u00e0 del trattamento<\/strong><\/h3><\/li><\/ol><p>I dati forniti dall\u2019utente o comunicati da terzi verranno trattati per le seguenti finalit\u00e0:<\/p><p>a. registrazione al sito web, ai servizi sviluppati o resi disponibili dal Titolare, fruizione dei relativi servizi informativi, gestione delle richieste di contatto o di informazione;<\/p><p>b. instaurazione di rapporti contrattuali e conseguenti adempimenti amministrativi, legali e fiscali, nonch\u00e9 per consentire una efficace gestione dei rapporti finanziari e commerciali;<\/p><p>c. adempimento di obblighi previsti da normative comunitarie e nazionali;<\/p><p><em>d. marketing<\/em>\u00a0diretto, ossia invio di materiale pubblicitario, attivit\u00e0 di promozione, comunicazione commerciale di prodotti e\/o servizi offerti dalla societ\u00e0; tale attivit\u00e0 potr\u00e0 essere eseguita mediante l\u2019invio di materiale pubblicitario\/informativo\/promozionale e\/o di inviti di partecipazione ad iniziative, eventi ed offerte volte a premiare gli utenti\/clienti, effettuato mediante sistemi \u201cautomatizzati\u201d di contatto<sup>[6]<\/sup>;<\/p><p>e. verifica del corretto funzionamento del sito e per motivi di sicurezza, al fine di bloccare tentativi di danneggiamento al sito medesimo o di recare danno ad altri utenti e comunque accertare e reprimere attivit\u00e0 dannose o costituenti reato. Accedendo alla sezione \u201cContatti\u201d, il sito consente l\u2019inserimento di messaggi e di altre informazioni da parte del visitatore\/utente.<\/p><p>L\u2019invio volontario ed esplicito di tali informazioni non necessita richiesta di consenso e l\u2019eventuale compilazione di\u00a0<em>form<\/em>\u00a0specificamente predisposti comportano la successiva acquisizione dell\u2019indirizzo e dei dati del visitatore\/utente, necessari per rispondere alle istanze formulate e\/o per erogare il servizio richiesto. Le informazioni che gli utenti del sito riterranno di rendere pubbliche tramite i servizi e gli strumenti messi a disposizione degli stessi sono fornite dall\u2019utente consapevolmente e volontariamente, andando il Titolare esente da qualsiasi responsabilit\u00e0 in merito a possibili violazioni che per l\u2019effetto dovessero essere commesse. Spetta difatti all\u2019utente conseguire eventuali permessi per l\u2019immissione di dati personali di terzi o di contenuti tutelati dalle norme nazionali ed internazionali.<\/p><ol start=\"4\"><li><h3><strong>Base giuridica del trattamento dei dati personali<\/strong><\/h3><\/li><\/ol><p>Il conferimento dei dati personali per le finalit\u00e0 di cui ai punti 3-a) e 3-b) \u00e8 obbligatorio, in quanto il trattamento \u00e8 connesso ad una fase pre-contrattuale e\/o contrattuale ovvero funzionale ad una richiesta dell\u2019Interessato o previsto da una specifica normativa. L\u2019eventuale mancato conferimento da parte dell\u2019Interessato di alcuni dati personali in relazione alle finalit\u00e0 suddette potrebbe impedire al Titolare di erogare i propri servizi. Relativamente al punto 3-d) (<em>marketing<\/em>\u00a0diretto), i dati personali vengono inseriti volontariamente dall\u2019Interessato. Il consenso deve essere espresso tramite un atto positivo inequivocabile, inoltre deve essere libero, specifico, facoltativo e sempre revocabile senza conseguenze sull\u2019utilizzabilit\u00e0 dei servizi, salvo l\u2019impossibilit\u00e0 per il Titolare di erogarne alcuni. In ogni caso l\u2019utente potr\u00e0 esercitare in qualsiasi momento il diritto di opposizione (<em>cfr<\/em>. paragrafo 9. \u201cDiritti dell\u2019Interessato\u201d). I dati raccolti e trattati per le finalit\u00e0 di sicurezza del sito e per la prevenzione da abusi e attivit\u00e0 illecite di cui al punto 3-e), nonch\u00e9 i dati per l\u2019analisi del traffico del sito (statistica) in forma aggregata, sono trattati in base al legittimo interesse del Titolare per tutelare il buon funzionamento del sito, nonch\u00e9 per tutelare gli utenti stessi. In tali casi, l\u2019utente pu\u00f2 esercitare in qualsiasi momento il diritto di opposizione (<em>cfr<\/em>. paragrafo 9. \u201cDiritti dell\u2019Interessato\u201d).<\/p><ol start=\"5\"><li><h3><strong>Utilizzo di Cookie<\/strong><\/h3><\/li><\/ol><p>I\u00a0<em>cookie<\/em>\u00a0sono piccoli file di testo che il sito invia ai terminali degli utenti e sono usati per eseguire autenticazioni informatiche, monitoraggio di sessioni, memorizzazione di informazioni su specifiche configurazioni, memorizzazione delle preferenze ed altro. Questo sito utilizza i\u00a0<em>cookie<\/em>\u00a0principalmente per migliorare l\u2019esperienza di navigazione grazie alla misurazione e all\u2019analisi di dati di navigazione aggregati e resi anonimi. Per informazioni sui\u00a0<em>cookie<\/em>\u00a0utilizzati, nonch\u00e9 sulla gestione, settaggio e disattivazione dei\u00a0<em>cookie<\/em>, gli utenti possono consultare l\u2019apposita sezione del sito e seguire le procedure appositamente previste.<\/p><ol start=\"6\"><li><h3><strong>Destinatari dei dati personali<\/strong><\/h3><\/li><\/ol><p>I dati non verranno diffusi dal Titolare, dandone conoscenza a soggetti indeterminati in qualunque modo, neanche mediante la loro messa a disposizione o consultazione. I dati saranno conservati presso il Titolare e potranno invece essere comunicati a soggetti determinati cos\u00ec definiti:<\/p><ul><li>soggetti autorizzati coinvolti nell\u2019organizzazione del sito<sup>[7]<\/sup>;<\/li><li>soggetti esterni<sup>[8]<\/sup>\u00a0delegati a tal fine a specifiche attivit\u00e0 di trattamento e debitamente nominati quali Responsabili del trattamento dei dati ai sensi dell\u2019art. 28 del Regolamento, conformemente alla normativa applicabile e limitatamente alle finalit\u00e0 delle prestazioni professionali richieste e necessarie;<\/li><li>soggetti cui la facolt\u00e0 di accedere ai dati sia riconosciuta da disposizioni di legge o da ordini delle autorit\u00e0;<\/li><li>eventuali Paesi terzi o organizzazioni internazionali, qualora per questioni di natura tecnica e\/o operativa si renda necessario il trasferimento di alcuni dati raccolti verso sistemi tecnici e servizi gestiti in\u00a0<em>cloud<\/em>\u00a0e localizzati al di fuori dell\u2019area dell\u2019Unione Europea<sup>[9]<\/sup>. In tal caso, il trattamento sar\u00e0 regolato in conformit\u00e0 con le previsioni di cui al capo V del GDPR e autorizzato in base a specifiche decisioni dell\u2019Unione Europea e dell\u2019Autorit\u00e0 Garante per la Protezione dei Dati Personali.<\/li><\/ul><p>L\u2019elenco completo di tutti i Responsabili e degli autorizzati al trattamento dei dati personali pu\u00f2 essere richiesto scrivendo all\u2019indirizzo di posta elettronica <strong>estsrl@ecosafetechnology.com<\/strong>, ovvero tramite posta ordinaria all\u2019indirizzo <strong>Via Tre Settembre, 89 &#8211; 47891 Dogana (RSM).<\/strong><\/p><ol start=\"7\"><li><h3><strong>Luogo del trattamento<\/strong><\/h3><\/li><\/ol><p>I dati raccolti dal sito sono trattati presso la sede del Titolare del trattamento e presso il\u00a0<em>datacenter<\/em>\u00a0del Web Hosting. Il Web Hosting (<b>Serverplan s.r.l.<\/b>), in qualit\u00e0 di Responsabile del trattamento, tratta i dati personali per conto del Titolare in conformit\u00e0 delle norme europee.<\/p><ol start=\"8\"><li><h3><strong>Periodo di conservazione dei dati personali<\/strong><\/h3><\/li><\/ol><p>I dati raccolti verranno trattati esclusivamente per le finalit\u00e0 sopra indicate e conservati per il tempo strettamente necessario ad erogare il servizio richiesto. Ad ogni modo, tale periodo di tempo non si protrarr\u00e0 oltre 10 anni, allo scadere del quale il Titolare proceder\u00e0 alla cancellazione automatica dei dati personali raccolti.<\/p><ol start=\"9\"><li><h3><strong>Diritti dell\u2019Interessato<\/strong><\/h3><\/li><\/ol><p>Il Regolamento riserva agli utenti\/interessati specifici diritti. In particolare, l\u2019Interessato potr\u00e0 esercitare in qualsiasi momento il diritto di:<\/p><ul><li>accedere ai propri dati personali, ottenendo la conferma che sia o meno in corso un trattamento di dati personali che lo riguardano e, in tal caso, essere informato riguardo alle finalit\u00e0 perseguite da parte del Titolare, alle categorie di dati coinvolti, ai destinatari a cui gli stessi possono essere comunicati, al periodo di conservazione applicabile, all\u2019esistenza di processi decisionali automatizzati;<\/li><li>ottenere la rettifica dei dati personali inesatti che lo riguardano senza ingiustificato ritardo;<\/li><li>ottenere, nei casi previsti, la cancellazione dei dati personali che lo riguardano senza ingiustificato ritardo;<\/li><li>ottenere, nei casi previsti, la limitazione del trattamento;<\/li><li>richiedere la portabilit\u00e0 dei dati che ha fornito al Titolare, vale a dire di riceverli in un formato strutturato, di uso comune e leggibile da dispositivo automatico, anche per trasmettere tali dati a un altro Titolare del trattamento senza impedimenti da parte del Titolare del trattamento cui li ha forniti nei limiti stabiliti dall\u2019art. 20 del Regolamento;<\/li><li>opporsi in qualsiasi momento, per motivi connessi alla sua situazione particolare, al trattamento dei dati personali che lo riguardano, nei casi previsti dal Regolamento;<\/li><li>revocare il proprio consenso in qualsiasi momento, con la stessa facilit\u00e0 con cui \u00e8 stato accordato;<\/li><li>proporre reclamo all\u2019Autorit\u00e0 Garante per la Protezione dei Dati Personali;<\/li><li>ottenere tutte le informazioni disponibili sull\u2019origine dei dati personali, qualora questi non siano stati raccolti presso l\u2019Interessato stesso;<\/li><li>ricevere comunicazione senza ingiustificato ritardo nel caso di \u201c<em>data breach<\/em>\u201d, ossia nel caso in cui la violazione dei propri dati personali presenti un rischio elevato per i propri diritti e libert\u00e0;<\/li><li>essere informato dell\u2019esistenza di garanzie adeguate, qualora i dati personali siano trasferiti a un Paese terzo o ad organizzazioni internazionali.<\/li><\/ul><p>\u00a0<\/p><p>Tutti i diritti suddetti possono essere esercitati su richiesta dell\u2019Interessato scrivendo direttamente a <strong>estsrl@ecosafetechnology.com<\/strong>. La presente informativa potr\u00e0 essere soggetta a periodici aggiornamenti.\u00a0<strong>\u00a0<\/strong><\/p><p>\u00a0<\/p><p style=\"text-align: right;\">Titolare del trattamento dei dati personali<\/p><p style=\"text-align: right;\"><em>ECOSAFE TECHNOLOGY SRL<\/em><\/p><p style=\"text-align: right;\"><strong>\u00a0<\/strong><\/p><p>[1] D. Lgs. n. 196\/2003, Codice in materia di protezione dei dati personali, novellato dal D. Lgs. 101\/2018;<br \/>[2] Regolamento europeo per la protezione dei dati personali n. 2016\/679;<br \/>[3]\u00a0<em>Uniform Resource Identifier;<\/em><br \/>[4]\u00a0<em>referral;<\/em><br \/>[5]\u00a0ai sensi dell\u2019art. 4 del Codice e dell\u2019art. 9 del GDPR;<br \/>[6]\u00a0es. SMS e\/o MMS, e-mail, applicazioni interattive;<br \/>[7]\u00a0es. dipendenti del Titolare ed eventualmente del Responsabile del trattamento, tra cui personale amministrativo, commerciale, amministratori di sistema;<br \/>[8]\u00a0es. fornitori di servizi tecnici terzi, legali,\u00a0<em>hosting provider<\/em>, societ\u00e0 informatiche, agenzie di comunicazione;<br \/>[9]\u00a0in particolare con Google, Facebook, Twitter, Microsoft, LinkedIn, tramite i social plugin ed il servizio di Google Analytics;<\/p>\t\t\t\t\t\t\t\t<\/div>\n\t\t\t\t<\/div>\n\t\t\t\t\t<\/div>\n\t\t\t\t<\/div>\n\t\t\t\t<\/div>\n\t\t","protected":false},"excerpt":{"rendered":"<p>Informativa sulla privacy INFORMATIVA SUL TRATTAMENTO DEI DATI PERSONALI DEGLI UTENTI DEL SITO WEB Il Titolare del presente sito, ECOSAFE TECHNOLOGY SRL, in ottemperanza agli obblighi derivanti dalla normativa nazionale[1]\u00a0e comunitaria (di seguito GDPR[2]\u00a0o Regolamento) e successive modifiche, rispetta e tutela la riservatezza degli utenti\/visitatori, mettendo in atto le misure<\/p>\n","protected":false},"author":1,"featured_media":0,"parent":118,"menu_order":0,"comment_status":"closed","ping_status":"closed","template":"","meta":{"footnotes":""},"class_list":["post-128","page","type-page","status-publish","hentry"],"yoast_head":"<!-- This site is optimized with the Yoast SEO plugin v26.0 - https:\/\/yoast.com\/wordpress\/plugins\/seo\/ -->\n<title>Informativa sulla privacy - Ecosafe Technology (IT)<\/title>\n<meta name=\"robots\" content=\"index, follow, max-snippet:-1, max-image-preview:large, max-video-preview:-1\" \/>\n<link rel=\"canonical\" href=\"https:\/\/www.ecosafetechnology.com\/it\/centro-privacy\/informativa-sulla-privacy\/\" \/>\n<meta property=\"og:locale\" content=\"it_IT\" \/>\n<meta property=\"og:type\" content=\"article\" \/>\n<meta property=\"og:title\" content=\"Informativa sulla privacy - Ecosafe Technology (IT)\" \/>\n<meta property=\"og:description\" content=\"Informativa sulla privacy INFORMATIVA SUL TRATTAMENTO DEI DATI PERSONALI DEGLI UTENTI DEL SITO WEB Il Titolare del presente sito, ECOSAFE TECHNOLOGY SRL, in ottemperanza agli obblighi derivanti dalla normativa nazionale[1]\u00a0e comunitaria (di seguito GDPR[2]\u00a0o Regolamento) e successive modifiche, rispetta e tutela la riservatezza degli utenti\/visitatori, mettendo in atto le misure\" \/>\n<meta property=\"og:url\" content=\"https:\/\/www.ecosafetechnology.com\/it\/centro-privacy\/informativa-sulla-privacy\/\" \/>\n<meta property=\"og:site_name\" content=\"Ecosafe Technology (IT)\" \/>\n<meta property=\"article:modified_time\" content=\"2025-01-29T15:32:48+00:00\" \/>\n<meta name=\"twitter:card\" content=\"summary_large_image\" \/>\n<meta name=\"twitter:label1\" content=\"Tempo di lettura stimato\" \/>\n\t<meta name=\"twitter:data1\" content=\"10 minuti\" \/>\n<script type=\"application\/ld+json\" class=\"yoast-schema-graph\">{\"@context\":\"https:\/\/schema.org\",\"@graph\":[{\"@type\":\"WebPage\",\"@id\":\"https:\/\/www.ecosafetechnology.com\/it\/centro-privacy\/informativa-sulla-privacy\/\",\"url\":\"https:\/\/www.ecosafetechnology.com\/it\/centro-privacy\/informativa-sulla-privacy\/\",\"name\":\"Informativa sulla privacy - Ecosafe Technology (IT)\",\"isPartOf\":{\"@id\":\"https:\/\/www.ecosafetechnology.com\/it\/#website\"},\"datePublished\":\"2025-01-29T15:05:17+00:00\",\"dateModified\":\"2025-01-29T15:32:48+00:00\",\"breadcrumb\":{\"@id\":\"https:\/\/www.ecosafetechnology.com\/it\/centro-privacy\/informativa-sulla-privacy\/#breadcrumb\"},\"inLanguage\":\"it-IT\",\"potentialAction\":[{\"@type\":\"ReadAction\",\"target\":[\"https:\/\/www.ecosafetechnology.com\/it\/centro-privacy\/informativa-sulla-privacy\/\"]}]},{\"@type\":\"BreadcrumbList\",\"@id\":\"https:\/\/www.ecosafetechnology.com\/it\/centro-privacy\/informativa-sulla-privacy\/#breadcrumb\",\"itemListElement\":[{\"@type\":\"ListItem\",\"position\":1,\"name\":\"Home\",\"item\":\"https:\/\/www.ecosafetechnology.com\/it\/\"},{\"@type\":\"ListItem\",\"position\":2,\"name\":\"Centro Privacy\",\"item\":\"https:\/\/www.ecosafetechnology.com\/it\/centro-privacy\/\"},{\"@type\":\"ListItem\",\"position\":3,\"name\":\"Informativa sulla privacy\"}]},{\"@type\":\"WebSite\",\"@id\":\"https:\/\/www.ecosafetechnology.com\/it\/#website\",\"url\":\"https:\/\/www.ecosafetechnology.com\/it\/\",\"name\":\"Ecosafe Technology (IT)\",\"description\":\"\",\"potentialAction\":[{\"@type\":\"SearchAction\",\"target\":{\"@type\":\"EntryPoint\",\"urlTemplate\":\"https:\/\/www.ecosafetechnology.com\/it\/?s={search_term_string}\"},\"query-input\":{\"@type\":\"PropertyValueSpecification\",\"valueRequired\":true,\"valueName\":\"search_term_string\"}}],\"inLanguage\":\"it-IT\"}]}<\/script>\n<!-- \/ Yoast SEO plugin. -->","yoast_head_json":{"title":"Informativa sulla privacy - Ecosafe Technology (IT)","robots":{"index":"index","follow":"follow","max-snippet":"max-snippet:-1","max-image-preview":"max-image-preview:large","max-video-preview":"max-video-preview:-1"},"canonical":"https:\/\/www.ecosafetechnology.com\/it\/centro-privacy\/informativa-sulla-privacy\/","og_locale":"it_IT","og_type":"article","og_title":"Informativa sulla privacy - Ecosafe Technology (IT)","og_description":"Informativa sulla privacy INFORMATIVA SUL TRATTAMENTO DEI DATI PERSONALI DEGLI UTENTI DEL SITO WEB Il Titolare del presente sito, ECOSAFE TECHNOLOGY SRL, in ottemperanza agli obblighi derivanti dalla normativa nazionale[1]\u00a0e comunitaria (di seguito GDPR[2]\u00a0o Regolamento) e successive modifiche, rispetta e tutela la riservatezza degli utenti\/visitatori, mettendo in atto le misure","og_url":"https:\/\/www.ecosafetechnology.com\/it\/centro-privacy\/informativa-sulla-privacy\/","og_site_name":"Ecosafe Technology (IT)","article_modified_time":"2025-01-29T15:32:48+00:00","twitter_card":"summary_large_image","twitter_misc":{"Tempo di lettura stimato":"10 minuti"},"schema":{"@context":"https:\/\/schema.org","@graph":[{"@type":"WebPage","@id":"https:\/\/www.ecosafetechnology.com\/it\/centro-privacy\/informativa-sulla-privacy\/","url":"https:\/\/www.ecosafetechnology.com\/it\/centro-privacy\/informativa-sulla-privacy\/","name":"Informativa sulla privacy - Ecosafe Technology (IT)","isPartOf":{"@id":"https:\/\/www.ecosafetechnology.com\/it\/#website"},"datePublished":"2025-01-29T15:05:17+00:00","dateModified":"2025-01-29T15:32:48+00:00","breadcrumb":{"@id":"https:\/\/www.ecosafetechnology.com\/it\/centro-privacy\/informativa-sulla-privacy\/#breadcrumb"},"inLanguage":"it-IT","potentialAction":[{"@type":"ReadAction","target":["https:\/\/www.ecosafetechnology.com\/it\/centro-privacy\/informativa-sulla-privacy\/"]}]},{"@type":"BreadcrumbList","@id":"https:\/\/www.ecosafetechnology.com\/it\/centro-privacy\/informativa-sulla-privacy\/#breadcrumb","itemListElement":[{"@type":"ListItem","position":1,"name":"Home","item":"https:\/\/www.ecosafetechnology.com\/it\/"},{"@type":"ListItem","position":2,"name":"Centro Privacy","item":"https:\/\/www.ecosafetechnology.com\/it\/centro-privacy\/"},{"@type":"ListItem","position":3,"name":"Informativa sulla privacy"}]},{"@type":"WebSite","@id":"https:\/\/www.ecosafetechnology.com\/it\/#website","url":"https:\/\/www.ecosafetechnology.com\/it\/","name":"Ecosafe Technology (IT)","description":"","potentialAction":[{"@type":"SearchAction","target":{"@type":"EntryPoint","urlTemplate":"https:\/\/www.ecosafetechnology.com\/it\/?s={search_term_string}"},"query-input":{"@type":"PropertyValueSpecification","valueRequired":true,"valueName":"search_term_string"}}],"inLanguage":"it-IT"}]}},"_links":{"self":[{"href":"https:\/\/www.ecosafetechnology.com\/it\/wp-json\/wp\/v2\/pages\/128","targetHints":{"allow":["GET"]}}],"collection":[{"href":"https:\/\/www.ecosafetechnology.com\/it\/wp-json\/wp\/v2\/pages"}],"about":[{"href":"https:\/\/www.ecosafetechnology.com\/it\/wp-json\/wp\/v2\/types\/page"}],"author":[{"embeddable":true,"href":"https:\/\/www.ecosafetechnology.com\/it\/wp-json\/wp\/v2\/users\/1"}],"replies":[{"embeddable":true,"href":"https:\/\/www.ecosafetechnology.com\/it\/wp-json\/wp\/v2\/comments?post=128"}],"version-history":[{"count":5,"href":"https:\/\/www.ecosafetechnology.com\/it\/wp-json\/wp\/v2\/pages\/128\/revisions"}],"predecessor-version":[{"id":161,"href":"https:\/\/www.ecosafetechnology.com\/it\/wp-json\/wp\/v2\/pages\/128\/revisions\/161"}],"up":[{"embeddable":true,"href":"https:\/\/www.ecosafetechnology.com\/it\/wp-json\/wp\/v2\/pages\/118"}],"wp:attachment":[{"href":"https:\/\/www.ecosafetechnology.com\/it\/wp-json\/wp\/v2\/media?parent=128"}],"curies":[{"name":"wp","href":"https:\/\/api.w.org\/{rel}","templated":true}]}}