{"id":353,"date":"2025-04-04T12:22:49","date_gmt":"2025-04-04T10:22:49","guid":{"rendered":"https:\/\/www.ecosafetechnology.com\/it\/?page_id=353"},"modified":"2025-04-04T12:29:57","modified_gmt":"2025-04-04T10:29:57","slug":"smart-hmi","status":"publish","type":"page","link":"https:\/\/www.ecosafetechnology.com\/it\/smart-hmi\/","title":{"rendered":"SMART HMI"},"content":{"rendered":"\t\t<div data-elementor-type=\"wp-page\" data-elementor-id=\"353\" class=\"elementor elementor-353\" data-elementor-post-type=\"page\">\n\t\t\t\t<div class=\"elementor-element elementor-element-7a8f4890 e-con-full e-flex e-con e-parent\" data-id=\"7a8f4890\" data-element_type=\"container\" data-settings=\"{&quot;background_background&quot;:&quot;classic&quot;}\">\n\t\t\t\t<div class=\"elementor-element elementor-element-2c3f1d5 elementor-widget elementor-widget-heading\" data-id=\"2c3f1d5\" data-element_type=\"widget\" data-widget_type=\"heading.default\">\n\t\t\t\t<div class=\"elementor-widget-container\">\n\t\t\t\t\t<h1 class=\"elementor-heading-title elementor-size-default\">SMART HMI\n<\/h1>\t\t\t\t<\/div>\n\t\t\t\t<\/div>\n\t\t\t\t<div class=\"elementor-element elementor-element-3b7b7893 elementor-widget elementor-widget-heading\" data-id=\"3b7b7893\" data-element_type=\"widget\" data-widget_type=\"heading.default\">\n\t\t\t\t<div class=\"elementor-widget-container\">\n\t\t\t\t\t<h2 class=\"elementor-heading-title elementor-size-default\">Il display intelligente programmabile per creare GUI professionali\n<\/h2>\t\t\t\t<\/div>\n\t\t\t\t<\/div>\n\t\t\t\t<\/div>\n\t\t<div class=\"elementor-element elementor-element-300b322b e-flex e-con-boxed e-con e-parent\" data-id=\"300b322b\" data-element_type=\"container\">\n\t\t\t\t\t<div class=\"e-con-inner\">\n\t\t<div class=\"elementor-element elementor-element-106f56c9 e-con-full e-flex e-con e-child\" data-id=\"106f56c9\" data-element_type=\"container\" data-settings=\"{&quot;background_background&quot;:&quot;classic&quot;}\">\n\t\t\t\t<div class=\"elementor-element elementor-element-34b9fc72 elementor-widget elementor-widget-text-editor\" data-id=\"34b9fc72\" data-element_type=\"widget\" data-widget_type=\"text-editor.default\">\n\t\t\t\t<div class=\"elementor-widget-container\">\n\t\t\t\t\t\t\t\t\t<p>SMART HMI \u00e8 la soluzione all&#8217;avanguardia per la creazione di GUI professionali, che consente di progettare, simulare e distribuire senza soluzione di continuit\u00e0: tutto in uno sulla piattaforma ADE, intuitiva e facile da usare come PowerPoint.<\/p><p>SMART HMI \u00e8 uno strumento potente caratterizzato da un&#8217;estrema facilit\u00e0 d&#8217;uso: ha un&#8217;interfaccia utente intuitiva e non \u00e8 necessaria alcuna formazione specifica per essere immediatamente operativi.<\/p><h4>Smart HMI &#8230; display integrato con ADE, capacit\u00e0 di elaborazione avanzate e periferiche hardware!<\/h4><p>Smart HMI \u00e8 una soluzione versatile compatibile con display da 4,3\u201c a 10,1\u201d su due piattaforme distinte: Ubique e Nexus. Offre una personalizzazione completa e supporta l&#8217;aggiunta di schede di estensione per soddisfare esigenze specifiche.<\/p><p>A differenza di altri sistemi, come 4D (CPU: ASIC a 16 bit &#8211; Memoria: 32KB &#8211; Memoria: 192KB &#8211; supporto GPIO, ADC o Ethernet limitato o assente), Smart HMI offre notevoli vantaggi in termini di prestazioni.<\/p>\t\t\t\t\t\t\t\t<\/div>\n\t\t\t\t<\/div>\n\t\t\t\t<\/div>\n\t\t<div class=\"elementor-element elementor-element-31d2ca07 e-con-full e-flex e-con e-child\" data-id=\"31d2ca07\" data-element_type=\"container\" data-settings=\"{&quot;background_background&quot;:&quot;classic&quot;}\">\n\t\t\t\t<div class=\"elementor-element elementor-element-13d0380a elementor-widget elementor-widget-image\" data-id=\"13d0380a\" data-element_type=\"widget\" data-widget_type=\"image.default\">\n\t\t\t\t<div class=\"elementor-widget-container\">\n\t\t\t\t\t\t\t\t\t\t\t\t\t\t\t<img fetchpriority=\"high\" decoding=\"async\" width=\"1024\" height=\"576\" src=\"https:\/\/www.ecosafetechnology.com\/it\/wp-content\/uploads\/sites\/2\/2025\/04\/Smart-HMI-1024x576.webp\" class=\"attachment-large size-large wp-image-356\" alt=\"\" srcset=\"https:\/\/www.ecosafetechnology.com\/it\/wp-content\/uploads\/sites\/2\/2025\/04\/Smart-HMI-1024x576.webp 1024w, https:\/\/www.ecosafetechnology.com\/it\/wp-content\/uploads\/sites\/2\/2025\/04\/Smart-HMI-300x169.webp 300w, https:\/\/www.ecosafetechnology.com\/it\/wp-content\/uploads\/sites\/2\/2025\/04\/Smart-HMI-768x432.webp 768w, https:\/\/www.ecosafetechnology.com\/it\/wp-content\/uploads\/sites\/2\/2025\/04\/Smart-HMI-1536x864.webp 1536w, https:\/\/www.ecosafetechnology.com\/it\/wp-content\/uploads\/sites\/2\/2025\/04\/Smart-HMI.webp 1920w\" sizes=\"(max-width: 1024px) 100vw, 1024px\" \/>\t\t\t\t\t\t\t\t\t\t\t\t\t\t\t<\/div>\n\t\t\t\t<\/div>\n\t\t\t\t<div class=\"elementor-element elementor-element-6a726577 elementor-widget elementor-widget-image\" data-id=\"6a726577\" data-element_type=\"widget\" data-widget_type=\"image.default\">\n\t\t\t\t<div class=\"elementor-widget-container\">\n\t\t\t\t\t\t\t\t\t\t\t\t\t\t\t<img decoding=\"async\" width=\"1024\" height=\"576\" src=\"https:\/\/www.ecosafetechnology.com\/it\/wp-content\/uploads\/sites\/2\/2025\/04\/Smart-HMI-1-1024x576.webp\" class=\"attachment-large size-large wp-image-357\" alt=\"\" srcset=\"https:\/\/www.ecosafetechnology.com\/it\/wp-content\/uploads\/sites\/2\/2025\/04\/Smart-HMI-1-1024x576.webp 1024w, https:\/\/www.ecosafetechnology.com\/it\/wp-content\/uploads\/sites\/2\/2025\/04\/Smart-HMI-1-300x169.webp 300w, https:\/\/www.ecosafetechnology.com\/it\/wp-content\/uploads\/sites\/2\/2025\/04\/Smart-HMI-1-768x432.webp 768w, https:\/\/www.ecosafetechnology.com\/it\/wp-content\/uploads\/sites\/2\/2025\/04\/Smart-HMI-1-1536x864.webp 1536w, https:\/\/www.ecosafetechnology.com\/it\/wp-content\/uploads\/sites\/2\/2025\/04\/Smart-HMI-1.webp 1920w\" sizes=\"(max-width: 1024px) 100vw, 1024px\" \/>\t\t\t\t\t\t\t\t\t\t\t\t\t\t\t<\/div>\n\t\t\t\t<\/div>\n\t\t\t\t<\/div>\n\t\t\t\t\t<\/div>\n\t\t\t\t<\/div>\n\t\t<div class=\"elementor-element elementor-element-4b28694d e-flex e-con-boxed e-con e-parent\" data-id=\"4b28694d\" data-element_type=\"container\">\n\t\t\t\t\t<div class=\"e-con-inner\">\n\t\t<div class=\"elementor-element elementor-element-149b4a35 e-con-full e-flex e-con e-child\" data-id=\"149b4a35\" data-element_type=\"container\">\n\t\t\t\t<div class=\"elementor-element elementor-element-5d48fc5e elementor-widget elementor-widget-image\" data-id=\"5d48fc5e\" data-element_type=\"widget\" data-widget_type=\"image.default\">\n\t\t\t\t<div class=\"elementor-widget-container\">\n\t\t\t\t\t\t\t\t\t\t\t\t\t\t\t<img decoding=\"async\" width=\"1024\" height=\"576\" src=\"https:\/\/www.ecosafetechnology.com\/it\/wp-content\/uploads\/sites\/2\/2025\/04\/Smart-HMI-2-1024x576.webp\" class=\"attachment-large size-large wp-image-358\" alt=\"\" srcset=\"https:\/\/www.ecosafetechnology.com\/it\/wp-content\/uploads\/sites\/2\/2025\/04\/Smart-HMI-2-1024x576.webp 1024w, https:\/\/www.ecosafetechnology.com\/it\/wp-content\/uploads\/sites\/2\/2025\/04\/Smart-HMI-2-300x169.webp 300w, https:\/\/www.ecosafetechnology.com\/it\/wp-content\/uploads\/sites\/2\/2025\/04\/Smart-HMI-2-768x432.webp 768w, https:\/\/www.ecosafetechnology.com\/it\/wp-content\/uploads\/sites\/2\/2025\/04\/Smart-HMI-2-1536x864.webp 1536w, https:\/\/www.ecosafetechnology.com\/it\/wp-content\/uploads\/sites\/2\/2025\/04\/Smart-HMI-2.webp 1920w\" sizes=\"(max-width: 1024px) 100vw, 1024px\" \/>\t\t\t\t\t\t\t\t\t\t\t\t\t\t\t<\/div>\n\t\t\t\t<\/div>\n\t\t\t\t<\/div>\n\t\t<div class=\"elementor-element elementor-element-46ca0053 e-con-full e-flex e-con e-child\" data-id=\"46ca0053\" data-element_type=\"container\">\n\t\t\t\t<div class=\"elementor-element elementor-element-605a4d24 elementor-widget elementor-widget-text-editor\" data-id=\"605a4d24\" data-element_type=\"widget\" data-widget_type=\"text-editor.default\">\n\t\t\t\t<div class=\"elementor-widget-container\">\n\t\t\t\t\t\t\t\t\t<h4>Sviluppo senza problemi:<\/h4><p>Smart HMI elimina la necessit\u00e0 di strumenti o software aggiuntivi. Tutto ci\u00f2 che serve \u00e8 un computer Windows 10\/11, a 64 bit, e il software ADE. <br \/>Con ADE, la progettazione dell&#8217;interfaccia grafica, il controllo degli I\/O e l&#8217;implementazione del protocollo di comunicazione sono intuitivi e senza soluzione di continuit\u00e0, offrendo agli sviluppatori un&#8217;esperienza priva di stress.<\/p>\t\t\t\t\t\t\t\t<\/div>\n\t\t\t\t<\/div>\n\t\t\t\t<\/div>\n\t\t\t\t\t<\/div>\n\t\t\t\t<\/div>\n\t\t<div class=\"elementor-element elementor-element-d05968 e-flex e-con-boxed e-con e-parent\" data-id=\"d05968\" data-element_type=\"container\">\n\t\t\t\t\t<div class=\"e-con-inner\">\n\t\t\t\t<div class=\"elementor-element elementor-element-2795bf67 elementor-widget elementor-widget-heading\" data-id=\"2795bf67\" data-element_type=\"widget\" data-widget_type=\"heading.default\">\n\t\t\t\t<div class=\"elementor-widget-container\">\n\t\t\t\t\t<h4 class=\"elementor-heading-title elementor-size-default\">Caratteristiche principali:<\/h4>\t\t\t\t<\/div>\n\t\t\t\t<\/div>\n\t\t\t\t\t<\/div>\n\t\t\t\t<\/div>\n\t\t\t\t<section class=\"elementor-section elementor-top-section elementor-element elementor-element-2fcaeb6 elementor-section-boxed elementor-section-height-default elementor-section-height-default\" data-id=\"2fcaeb6\" data-element_type=\"section\">\n\t\t\t\t\t\t<div class=\"elementor-container elementor-column-gap-default\">\n\t\t\t\t\t<div class=\"elementor-column elementor-col-100 elementor-top-column elementor-element elementor-element-4cab5749\" data-id=\"4cab5749\" data-element_type=\"column\">\n\t\t\t<div class=\"elementor-widget-wrap elementor-element-populated\">\n\t\t\t\t\t\t<section class=\"elementor-section elementor-inner-section elementor-element elementor-element-ad0c0ed elementor-section-boxed elementor-section-height-default elementor-section-height-default\" data-id=\"ad0c0ed\" data-element_type=\"section\">\n\t\t\t\t\t\t<div class=\"elementor-container elementor-column-gap-default\">\n\t\t\t\t\t<div class=\"elementor-column elementor-col-33 elementor-inner-column elementor-element elementor-element-7713e248\" data-id=\"7713e248\" data-element_type=\"column\">\n\t\t\t<div class=\"elementor-widget-wrap elementor-element-populated\">\n\t\t\t\t\t\t<div class=\"elementor-element elementor-element-17dd9f27 image-box-style-3 elementor-widget elementor-widget-mae-image-box\" data-id=\"17dd9f27\" data-element_type=\"widget\" data-widget_type=\"mae-image-box.default\">\n\t\t\t\t<div class=\"elementor-widget-container\">\n\t\t\t\t\t        <div class=\"master-image-box \">\n            <div class=\"thumb\"><div class=\"url-wrap\"><a class=\"arrow\" href=\"\"><\/a><\/div><\/div>\n            <div class=\"content-wrap\">\n                <h3 class=\"headline-2\">Hardware potente:<\/h3><div class=\"desc\"><div class=\"elementor-element elementor-element-94e0631 elementor-widget elementor-widget-text-editor\" data-id=\"94e0631\" data-element_type=\"widget\" data-widget_type=\"text-editor.default\"><div class=\"elementor-widget-container\"><ul><li>CPU: 32-bit ARM Cortex-M7 @480MHz<\/li><li>32 MB di memoria, 256 MB di archiviazione<\/li><li>Fino a 16 GPIO, 5 PWM, 6 ADC, cattura ingressi<\/li><li>Interfacce di comunicazione: UART, RS232\/485, CAN bus, Wi-Fi, Ethernet (disponibili su richiesta)<\/li><\/ul><\/div><\/div><\/div>            <\/div>\n        <\/div>\n\n        \t\t\t\t<\/div>\n\t\t\t\t<\/div>\n\t\t\t\t\t<\/div>\n\t\t<\/div>\n\t\t\t\t<div class=\"elementor-column elementor-col-33 elementor-inner-column elementor-element elementor-element-792627d1\" data-id=\"792627d1\" data-element_type=\"column\">\n\t\t\t<div class=\"elementor-widget-wrap elementor-element-populated\">\n\t\t\t\t\t\t<div class=\"elementor-element elementor-element-7faac124 image-box-style-3 elementor-widget elementor-widget-mae-image-box\" data-id=\"7faac124\" data-element_type=\"widget\" data-widget_type=\"mae-image-box.default\">\n\t\t\t\t<div class=\"elementor-widget-container\">\n\t\t\t\t\t        <div class=\"master-image-box \">\n            <div class=\"thumb\"><div class=\"url-wrap\"><a class=\"arrow\" href=\"\"><\/a><\/div><\/div>\n            <div class=\"content-wrap\">\n                <h3 class=\"headline-2\">Capacit\u00e0 visive sorprendenti:<\/h3><div class=\"desc\"><div class=\"elementor-element elementor-element-1518891 elementor-widget elementor-widget-text-editor\" data-id=\"1518891\" data-element_type=\"widget\" data-widget_type=\"text-editor.default\"><div class=\"elementor-widget-container\"><ul><li>Supporta il colore a 24 bit, visualizzando 16M di colori per una grafica ricca e vibrante<\/li><\/ul><\/div><\/div><\/div>            <\/div>\n        <\/div>\n\n        \t\t\t\t<\/div>\n\t\t\t\t<\/div>\n\t\t\t\t\t<\/div>\n\t\t<\/div>\n\t\t\t\t<div class=\"elementor-column elementor-col-33 elementor-inner-column elementor-element elementor-element-59e816b1\" data-id=\"59e816b1\" data-element_type=\"column\">\n\t\t\t<div class=\"elementor-widget-wrap elementor-element-populated\">\n\t\t\t\t\t\t<div class=\"elementor-element elementor-element-30406fae image-box-style-3 elementor-widget elementor-widget-mae-image-box\" data-id=\"30406fae\" data-element_type=\"widget\" data-widget_type=\"mae-image-box.default\">\n\t\t\t\t<div class=\"elementor-widget-container\">\n\t\t\t\t\t        <div class=\"master-image-box \">\n            <div class=\"thumb\"><div class=\"url-wrap\"><a class=\"arrow\" href=\"\"><\/a><\/div><\/div>\n            <div class=\"content-wrap\">\n                <h3 class=\"headline-2\">Processo di progettazione semplificato con ADE:<\/h3><div class=\"desc\"><div class=\"elementor-element elementor-element-31460ea elementor-widget elementor-widget-text-editor\" data-id=\"31460ea\" data-element_type=\"widget\" data-widget_type=\"text-editor.default\"><div class=\"elementor-widget-container\"><ul><li>Progettazione dell'interfaccia grafica No-code\/low-code\u00a0<\/li><li>Python integrato per l'implementazione del protocollo di comunicazione<\/li><\/ul><\/div><\/div><\/div>            <\/div>\n        <\/div>\n\n        \t\t\t\t<\/div>\n\t\t\t\t<\/div>\n\t\t\t\t\t<\/div>\n\t\t<\/div>\n\t\t\t\t\t<\/div>\n\t\t<\/section>\n\t\t\t\t\t<\/div>\n\t\t<\/div>\n\t\t\t\t\t<\/div>\n\t\t<\/section>\n\t\t<div class=\"elementor-element elementor-element-7e26327b e-flex e-con-boxed e-con e-parent\" data-id=\"7e26327b\" data-element_type=\"container\" data-settings=\"{&quot;background_background&quot;:&quot;classic&quot;}\">\n\t\t\t\t\t<div class=\"e-con-inner\">\n\t\t<div class=\"elementor-element elementor-element-6295fc72 e-con-full e-flex e-con e-child\" data-id=\"6295fc72\" data-element_type=\"container\">\n\t\t\t\t<div class=\"elementor-element elementor-element-32a9d98c elementor-widget elementor-widget-heading\" data-id=\"32a9d98c\" data-element_type=\"widget\" data-widget_type=\"heading.default\">\n\t\t\t\t<div class=\"elementor-widget-container\">\n\t\t\t\t\t<h3 class=\"elementor-heading-title elementor-size-default\">Scoprite il display programmabile intelligente pi\u00f9 avanzato e performante! <\/h3>\t\t\t\t<\/div>\n\t\t\t\t<\/div>\n\t\t\t\t<\/div>\n\t\t<div class=\"elementor-element elementor-element-c97d1ec e-con-full e-flex e-con e-child\" data-id=\"c97d1ec\" data-element_type=\"container\">\n\t\t\t\t<div class=\"elementor-element elementor-element-98681d0 elementor-widget elementor-widget-video\" data-id=\"98681d0\" data-element_type=\"widget\" data-settings=\"{&quot;video_type&quot;:&quot;hosted&quot;,&quot;start&quot;:6,&quot;autoplay&quot;:&quot;yes&quot;,&quot;play_on_mobile&quot;:&quot;yes&quot;,&quot;mute&quot;:&quot;yes&quot;,&quot;loop&quot;:&quot;yes&quot;,&quot;controls&quot;:&quot;yes&quot;}\" data-widget_type=\"video.default\">\n\t\t\t\t<div class=\"elementor-widget-container\">\n\t\t\t\t\t\t\t<div class=\"e-hosted-video elementor-wrapper elementor-open-inline\">\n\t\t\t\t\t<video class=\"elementor-video\" src=\"\/video\/smart hmi.mp4#t=6\" autoplay=\"\" loop=\"\" controls=\"\" muted=\"muted\" playsinline=\"\" controlsList=\"nodownload\"><\/video>\n\t\t\t\t<\/div>\n\t\t\t\t\t\t<\/div>\n\t\t\t\t<\/div>\n\t\t\t\t<\/div>\n\t\t\t\t\t<\/div>\n\t\t\t\t<\/div>\n\t\t\t\t<\/div>\n\t\t","protected":false},"excerpt":{"rendered":"<p>SMART HMI Il display intelligente programmabile per creare GUI professionali SMART HMI \u00e8 la soluzione all&#8217;avanguardia per la creazione di GUI professionali, che consente di progettare, simulare e distribuire senza soluzione di continuit\u00e0: tutto in uno sulla piattaforma ADE, intuitiva e facile da usare come PowerPoint. SMART HMI \u00e8 uno<\/p>\n","protected":false},"author":1,"featured_media":0,"parent":0,"menu_order":0,"comment_status":"closed","ping_status":"closed","template":"","meta":{"footnotes":""},"class_list":["post-353","page","type-page","status-publish","hentry"],"yoast_head":"<!-- This site is optimized with the Yoast SEO plugin v26.0 - https:\/\/yoast.com\/wordpress\/plugins\/seo\/ -->\n<title>SMART HMI - Ecosafe Technology (IT)<\/title>\n<meta name=\"robots\" content=\"index, follow, max-snippet:-1, max-image-preview:large, max-video-preview:-1\" \/>\n<link rel=\"canonical\" href=\"https:\/\/www.ecosafetechnology.com\/it\/smart-hmi\/\" \/>\n<meta property=\"og:locale\" content=\"it_IT\" \/>\n<meta property=\"og:type\" content=\"article\" \/>\n<meta property=\"og:title\" content=\"SMART HMI - Ecosafe Technology (IT)\" \/>\n<meta property=\"og:description\" content=\"SMART HMI Il display intelligente programmabile per creare GUI professionali SMART HMI \u00e8 la soluzione all&#8217;avanguardia per la creazione di GUI professionali, che consente di progettare, simulare e distribuire senza soluzione di continuit\u00e0: tutto in uno sulla piattaforma ADE, intuitiva e facile da usare come PowerPoint. SMART HMI \u00e8 uno\" \/>\n<meta property=\"og:url\" content=\"https:\/\/www.ecosafetechnology.com\/it\/smart-hmi\/\" \/>\n<meta property=\"og:site_name\" content=\"Ecosafe Technology (IT)\" \/>\n<meta property=\"article:modified_time\" content=\"2025-04-04T10:29:57+00:00\" \/>\n<meta property=\"og:image\" content=\"https:\/\/www.ecosafetechnology.com\/it\/wp-content\/uploads\/sites\/2\/2025\/04\/Smart-HMI.webp\" \/>\n\t<meta property=\"og:image:width\" content=\"1920\" \/>\n\t<meta property=\"og:image:height\" content=\"1080\" \/>\n\t<meta property=\"og:image:type\" content=\"image\/webp\" \/>\n<meta name=\"twitter:card\" content=\"summary_large_image\" \/>\n<meta name=\"twitter:label1\" content=\"Tempo di lettura stimato\" \/>\n\t<meta name=\"twitter:data1\" content=\"3 minuti\" \/>\n<script type=\"application\/ld+json\" class=\"yoast-schema-graph\">{\"@context\":\"https:\/\/schema.org\",\"@graph\":[{\"@type\":\"WebPage\",\"@id\":\"https:\/\/www.ecosafetechnology.com\/it\/smart-hmi\/\",\"url\":\"https:\/\/www.ecosafetechnology.com\/it\/smart-hmi\/\",\"name\":\"SMART HMI - Ecosafe Technology (IT)\",\"isPartOf\":{\"@id\":\"https:\/\/www.ecosafetechnology.com\/it\/#website\"},\"primaryImageOfPage\":{\"@id\":\"https:\/\/www.ecosafetechnology.com\/it\/smart-hmi\/#primaryimage\"},\"image\":{\"@id\":\"https:\/\/www.ecosafetechnology.com\/it\/smart-hmi\/#primaryimage\"},\"thumbnailUrl\":\"https:\/\/www.ecosafetechnology.com\/it\/wp-content\/uploads\/sites\/2\/2025\/04\/Smart-HMI-1024x576.webp\",\"datePublished\":\"2025-04-04T10:22:49+00:00\",\"dateModified\":\"2025-04-04T10:29:57+00:00\",\"breadcrumb\":{\"@id\":\"https:\/\/www.ecosafetechnology.com\/it\/smart-hmi\/#breadcrumb\"},\"inLanguage\":\"it-IT\",\"potentialAction\":[{\"@type\":\"ReadAction\",\"target\":[\"https:\/\/www.ecosafetechnology.com\/it\/smart-hmi\/\"]}]},{\"@type\":\"ImageObject\",\"inLanguage\":\"it-IT\",\"@id\":\"https:\/\/www.ecosafetechnology.com\/it\/smart-hmi\/#primaryimage\",\"url\":\"https:\/\/www.ecosafetechnology.com\/it\/wp-content\/uploads\/sites\/2\/2025\/04\/Smart-HMI.webp\",\"contentUrl\":\"https:\/\/www.ecosafetechnology.com\/it\/wp-content\/uploads\/sites\/2\/2025\/04\/Smart-HMI.webp\",\"width\":1920,\"height\":1080},{\"@type\":\"BreadcrumbList\",\"@id\":\"https:\/\/www.ecosafetechnology.com\/it\/smart-hmi\/#breadcrumb\",\"itemListElement\":[{\"@type\":\"ListItem\",\"position\":1,\"name\":\"Home\",\"item\":\"https:\/\/www.ecosafetechnology.com\/it\/\"},{\"@type\":\"ListItem\",\"position\":2,\"name\":\"SMART HMI\"}]},{\"@type\":\"WebSite\",\"@id\":\"https:\/\/www.ecosafetechnology.com\/it\/#website\",\"url\":\"https:\/\/www.ecosafetechnology.com\/it\/\",\"name\":\"Ecosafe Technology (IT)\",\"description\":\"\",\"potentialAction\":[{\"@type\":\"SearchAction\",\"target\":{\"@type\":\"EntryPoint\",\"urlTemplate\":\"https:\/\/www.ecosafetechnology.com\/it\/?s={search_term_string}\"},\"query-input\":{\"@type\":\"PropertyValueSpecification\",\"valueRequired\":true,\"valueName\":\"search_term_string\"}}],\"inLanguage\":\"it-IT\"}]}<\/script>\n<!-- \/ Yoast SEO plugin. -->","yoast_head_json":{"title":"SMART HMI - Ecosafe Technology (IT)","robots":{"index":"index","follow":"follow","max-snippet":"max-snippet:-1","max-image-preview":"max-image-preview:large","max-video-preview":"max-video-preview:-1"},"canonical":"https:\/\/www.ecosafetechnology.com\/it\/smart-hmi\/","og_locale":"it_IT","og_type":"article","og_title":"SMART HMI - Ecosafe Technology (IT)","og_description":"SMART HMI Il display intelligente programmabile per creare GUI professionali SMART HMI \u00e8 la soluzione all&#8217;avanguardia per la creazione di GUI professionali, che consente di progettare, simulare e distribuire senza soluzione di continuit\u00e0: tutto in uno sulla piattaforma ADE, intuitiva e facile da usare come PowerPoint. SMART HMI \u00e8 uno","og_url":"https:\/\/www.ecosafetechnology.com\/it\/smart-hmi\/","og_site_name":"Ecosafe Technology (IT)","article_modified_time":"2025-04-04T10:29:57+00:00","og_image":[{"width":1920,"height":1080,"url":"https:\/\/www.ecosafetechnology.com\/it\/wp-content\/uploads\/sites\/2\/2025\/04\/Smart-HMI.webp","type":"image\/webp"}],"twitter_card":"summary_large_image","twitter_misc":{"Tempo di lettura stimato":"3 minuti"},"schema":{"@context":"https:\/\/schema.org","@graph":[{"@type":"WebPage","@id":"https:\/\/www.ecosafetechnology.com\/it\/smart-hmi\/","url":"https:\/\/www.ecosafetechnology.com\/it\/smart-hmi\/","name":"SMART HMI - Ecosafe Technology (IT)","isPartOf":{"@id":"https:\/\/www.ecosafetechnology.com\/it\/#website"},"primaryImageOfPage":{"@id":"https:\/\/www.ecosafetechnology.com\/it\/smart-hmi\/#primaryimage"},"image":{"@id":"https:\/\/www.ecosafetechnology.com\/it\/smart-hmi\/#primaryimage"},"thumbnailUrl":"https:\/\/www.ecosafetechnology.com\/it\/wp-content\/uploads\/sites\/2\/2025\/04\/Smart-HMI-1024x576.webp","datePublished":"2025-04-04T10:22:49+00:00","dateModified":"2025-04-04T10:29:57+00:00","breadcrumb":{"@id":"https:\/\/www.ecosafetechnology.com\/it\/smart-hmi\/#breadcrumb"},"inLanguage":"it-IT","potentialAction":[{"@type":"ReadAction","target":["https:\/\/www.ecosafetechnology.com\/it\/smart-hmi\/"]}]},{"@type":"ImageObject","inLanguage":"it-IT","@id":"https:\/\/www.ecosafetechnology.com\/it\/smart-hmi\/#primaryimage","url":"https:\/\/www.ecosafetechnology.com\/it\/wp-content\/uploads\/sites\/2\/2025\/04\/Smart-HMI.webp","contentUrl":"https:\/\/www.ecosafetechnology.com\/it\/wp-content\/uploads\/sites\/2\/2025\/04\/Smart-HMI.webp","width":1920,"height":1080},{"@type":"BreadcrumbList","@id":"https:\/\/www.ecosafetechnology.com\/it\/smart-hmi\/#breadcrumb","itemListElement":[{"@type":"ListItem","position":1,"name":"Home","item":"https:\/\/www.ecosafetechnology.com\/it\/"},{"@type":"ListItem","position":2,"name":"SMART HMI"}]},{"@type":"WebSite","@id":"https:\/\/www.ecosafetechnology.com\/it\/#website","url":"https:\/\/www.ecosafetechnology.com\/it\/","name":"Ecosafe Technology (IT)","description":"","potentialAction":[{"@type":"SearchAction","target":{"@type":"EntryPoint","urlTemplate":"https:\/\/www.ecosafetechnology.com\/it\/?s={search_term_string}"},"query-input":{"@type":"PropertyValueSpecification","valueRequired":true,"valueName":"search_term_string"}}],"inLanguage":"it-IT"}]}},"_links":{"self":[{"href":"https:\/\/www.ecosafetechnology.com\/it\/wp-json\/wp\/v2\/pages\/353","targetHints":{"allow":["GET"]}}],"collection":[{"href":"https:\/\/www.ecosafetechnology.com\/it\/wp-json\/wp\/v2\/pages"}],"about":[{"href":"https:\/\/www.ecosafetechnology.com\/it\/wp-json\/wp\/v2\/types\/page"}],"author":[{"embeddable":true,"href":"https:\/\/www.ecosafetechnology.com\/it\/wp-json\/wp\/v2\/users\/1"}],"replies":[{"embeddable":true,"href":"https:\/\/www.ecosafetechnology.com\/it\/wp-json\/wp\/v2\/comments?post=353"}],"version-history":[{"count":19,"href":"https:\/\/www.ecosafetechnology.com\/it\/wp-json\/wp\/v2\/pages\/353\/revisions"}],"predecessor-version":[{"id":381,"href":"https:\/\/www.ecosafetechnology.com\/it\/wp-json\/wp\/v2\/pages\/353\/revisions\/381"}],"wp:attachment":[{"href":"https:\/\/www.ecosafetechnology.com\/it\/wp-json\/wp\/v2\/media?parent=353"}],"curies":[{"name":"wp","href":"https:\/\/api.w.org\/{rel}","templated":true}]}}