{"id":436,"date":"2025-04-04T15:40:24","date_gmt":"2025-04-04T13:40:24","guid":{"rendered":"https:\/\/www.ecosafetechnology.com\/it\/?page_id=436"},"modified":"2025-04-22T16:55:40","modified_gmt":"2025-04-22T14:55:40","slug":"next-gen-display","status":"publish","type":"page","link":"https:\/\/www.ecosafetechnology.com\/it\/next-gen-display\/","title":{"rendered":"Next-Gen Display"},"content":{"rendered":"\t\t<div data-elementor-type=\"wp-page\" data-elementor-id=\"436\" class=\"elementor elementor-436\" data-elementor-post-type=\"page\">\n\t\t\t\t<div class=\"elementor-element elementor-element-37e1aeac e-flex e-con-boxed e-con e-parent\" data-id=\"37e1aeac\" data-element_type=\"container\" data-settings=\"{&quot;background_background&quot;:&quot;classic&quot;}\">\n\t\t\t\t\t<div class=\"e-con-inner\">\n\t\t\t\t<div class=\"elementor-element elementor-element-4510545b elementor-widget elementor-widget-heading\" data-id=\"4510545b\" data-element_type=\"widget\" data-widget_type=\"heading.default\">\n\t\t\t\t<div class=\"elementor-widget-container\">\n\t\t\t\t\t<h1 class=\"elementor-heading-title elementor-size-default\">Next-Gen Display\n<\/h1>\t\t\t\t<\/div>\n\t\t\t\t<\/div>\n\t\t\t\t\t<\/div>\n\t\t\t\t<\/div>\n\t\t<div class=\"elementor-element elementor-element-4da7a8ca e-flex e-con-boxed e-con e-parent\" data-id=\"4da7a8ca\" data-element_type=\"container\">\n\t\t\t\t\t<div class=\"e-con-inner\">\n\t\t<div class=\"elementor-element elementor-element-35d7908c e-con-full e-flex e-con e-child\" data-id=\"35d7908c\" data-element_type=\"container\">\n\t\t\t\t<div class=\"elementor-element elementor-element-4d6421f6 elementor-widget elementor-widget-text-editor\" data-id=\"4d6421f6\" data-element_type=\"widget\" data-widget_type=\"text-editor.default\">\n\t\t\t\t<div class=\"elementor-widget-container\">\n\t\t\t\t\t\t\t\t\t<p>Sunshine Display Technology Limited \u00e8 specializzata nello sviluppo, nella produzione e nella fornitura di alta qualit\u00e0 di moduli LCD dal 2009.<\/p>\t\t\t\t\t\t\t\t<\/div>\n\t\t\t\t<\/div>\n\t\t\t\t<div class=\"elementor-element elementor-element-4ea722e9 elementor-widget elementor-widget-heading\" data-id=\"4ea722e9\" data-element_type=\"widget\" data-widget_type=\"heading.default\">\n\t\t\t\t<div class=\"elementor-widget-container\">\n\t\t\t\t\t<h4 class=\"elementor-heading-title elementor-size-default\">Le nostre principali attrezzature di produzione comprendono:<\/h4>\t\t\t\t<\/div>\n\t\t\t\t<\/div>\n\t\t\t\t<div class=\"elementor-element elementor-element-46942890 elementor-widget elementor-widget-text-editor\" data-id=\"46942890\" data-element_type=\"widget\" data-widget_type=\"text-editor.default\">\n\t\t\t\t<div class=\"elementor-widget-container\">\n\t\t\t\t\t\t\t\t\t<p>2 linee di taglio e spacco del vetro, 5 linee di produzione COG completamente automatiche, 3 linee di produzione semiautomatiche e diverse linee di incollaggio ACF e FPC. cinque linee di assemblaggio finale con capacit\u00e0 di 2000000pz al mese. Abbiamo 2 linee di produzione CTP completamente automatiche con una capacit\u00e0 di 300000 pezzi al mese. In pi\u00f9, abbiamo aggiunto il nostro proprio laboratorio di retroilluminazione con capacit\u00e0 500000 al mese.<\/p><p>I nostri clienti sono principalmente concentrati in Europa, Nord America, Corea e Asia, ecc, Siamo onorati di collaborare con HITACH, IDT, ABB, Schneider, Honeywell, TOSHIBA, ABUS, Honeywell ecc imprese famose internazionali. Le nostre soluzioni offrono i prodotti pi\u00f9 competitivi e soddisfacenti disponibili oggi sul mercato e godono di un&#8217;ottima reputazione grazie alle nostre strutture avanzate, alla tecnologia avanzata, alla gestione completa della qualit\u00e0 e al servizio clienti altamente efficace.<\/p><p>Sunshine Display continuer\u00e0 a progredire per diventare il miglior fornitore e produttore di soluzioni LCD\/LCM sul mercato.<\/p>\t\t\t\t\t\t\t\t<\/div>\n\t\t\t\t<\/div>\n\t\t<div class=\"elementor-element elementor-element-171e9651 e-con-full e-flex e-con e-child\" data-id=\"171e9651\" data-element_type=\"container\">\n\t\t\t\t<div class=\"elementor-element elementor-element-143ffaac align--mobilecenter elementor-widget__width-initial elementor-widget elementor-widget-mae-button\" data-id=\"143ffaac\" data-element_type=\"widget\" data-widget_type=\"mae-button.default\">\n\t\t\t\t<div class=\"elementor-widget-container\">\n\t\t\t\t\t\n        <a class=\"master-button btn-accent icon-none big\" href=\"\/brochure\/Presentation_Sunshine_EcoSafe.pdf\" \n            target=&quot;_blank&quot; >\n\n            <span class=\"inner\">\n                <span class=\"content-base\">\n                                        <span class=\"text\">Presentazione<\/span>\n                                    <\/span>\n\n                <span class=\"content-hover\">\n                                        <span class=\"text\">Presentazione<\/span>\n                                    <\/span>\n            <\/span>\n\n            <span class=\"bg-hover\"><\/span>        <\/a>\n\n        \t\t\t\t<\/div>\n\t\t\t\t<\/div>\n\t\t\t\t<div class=\"elementor-element elementor-element-75471a1a align--mobilecenter elementor-widget__width-initial elementor-widget elementor-widget-mae-button\" data-id=\"75471a1a\" data-element_type=\"widget\" data-widget_type=\"mae-button.default\">\n\t\t\t\t<div class=\"elementor-widget-container\">\n\t\t\t\t\t\n        <a class=\"master-button btn-accent icon-none big\" href=\"\/brochure\/Sunshine_Catalog-EcoSafe%20(2).pdf\" \n            target=&quot;_blank&quot; >\n\n            <span class=\"inner\">\n                <span class=\"content-base\">\n                                        <span class=\"text\">Catalogo<\/span>\n                                    <\/span>\n\n                <span class=\"content-hover\">\n                                        <span class=\"text\">Catalogo<\/span>\n                                    <\/span>\n            <\/span>\n\n            <span class=\"bg-hover\"><\/span>        <\/a>\n\n        \t\t\t\t<\/div>\n\t\t\t\t<\/div>\n\t\t\t\t<\/div>\n\t\t\t\t<\/div>\n\t\t<div class=\"elementor-element elementor-element-3da54d3d e-con-full e-flex e-con e-child\" data-id=\"3da54d3d\" data-element_type=\"container\">\n\t\t\t\t<div class=\"elementor-element elementor-element-20bb7ab0 elementor-widget elementor-widget-image\" data-id=\"20bb7ab0\" data-element_type=\"widget\" data-widget_type=\"image.default\">\n\t\t\t\t<div class=\"elementor-widget-container\">\n\t\t\t\t\t\t\t\t\t\t\t\t\t\t\t<img fetchpriority=\"high\" decoding=\"async\" width=\"796\" height=\"464\" src=\"https:\/\/www.ecosafetechnology.com\/it\/wp-content\/uploads\/sites\/2\/2025\/04\/Indutrial-display.webp\" class=\"attachment-large size-large wp-image-393\" alt=\"\" srcset=\"https:\/\/www.ecosafetechnology.com\/it\/wp-content\/uploads\/sites\/2\/2025\/04\/Indutrial-display.webp 796w, https:\/\/www.ecosafetechnology.com\/it\/wp-content\/uploads\/sites\/2\/2025\/04\/Indutrial-display-300x175.webp 300w, https:\/\/www.ecosafetechnology.com\/it\/wp-content\/uploads\/sites\/2\/2025\/04\/Indutrial-display-768x448.webp 768w\" sizes=\"(max-width: 796px) 100vw, 796px\" \/>\t\t\t\t\t\t\t\t\t\t\t\t\t\t\t<\/div>\n\t\t\t\t<\/div>\n\t\t\t\t<div class=\"elementor-element elementor-element-5c42e5b4 elementor-widget elementor-widget-image\" data-id=\"5c42e5b4\" data-element_type=\"widget\" data-widget_type=\"image.default\">\n\t\t\t\t<div class=\"elementor-widget-container\">\n\t\t\t\t\t\t\t\t\t\t\t\t\t\t\t<img decoding=\"async\" width=\"559\" height=\"377\" src=\"https:\/\/www.ecosafetechnology.com\/it\/wp-content\/uploads\/sites\/2\/2025\/04\/Indutrial-display-4.webp\" class=\"attachment-large size-large wp-image-394\" alt=\"\" srcset=\"https:\/\/www.ecosafetechnology.com\/it\/wp-content\/uploads\/sites\/2\/2025\/04\/Indutrial-display-4.webp 559w, https:\/\/www.ecosafetechnology.com\/it\/wp-content\/uploads\/sites\/2\/2025\/04\/Indutrial-display-4-300x202.webp 300w\" sizes=\"(max-width: 559px) 100vw, 559px\" \/>\t\t\t\t\t\t\t\t\t\t\t\t\t\t\t<\/div>\n\t\t\t\t<\/div>\n\t\t\t\t<div class=\"elementor-element elementor-element-d8b6ea6 elementor-widget elementor-widget-image\" data-id=\"d8b6ea6\" data-element_type=\"widget\" data-widget_type=\"image.default\">\n\t\t\t\t<div class=\"elementor-widget-container\">\n\t\t\t\t\t\t\t\t\t\t\t\t\t\t\t<img decoding=\"async\" width=\"810\" height=\"530\" src=\"https:\/\/www.ecosafetechnology.com\/it\/wp-content\/uploads\/sites\/2\/2025\/04\/Sunshine-Display.webp\" class=\"attachment-large size-large wp-image-495\" alt=\"\" srcset=\"https:\/\/www.ecosafetechnology.com\/it\/wp-content\/uploads\/sites\/2\/2025\/04\/Sunshine-Display.webp 810w, https:\/\/www.ecosafetechnology.com\/it\/wp-content\/uploads\/sites\/2\/2025\/04\/Sunshine-Display-300x196.webp 300w, https:\/\/www.ecosafetechnology.com\/it\/wp-content\/uploads\/sites\/2\/2025\/04\/Sunshine-Display-768x503.webp 768w\" sizes=\"(max-width: 810px) 100vw, 810px\" \/>\t\t\t\t\t\t\t\t\t\t\t\t\t\t\t<\/div>\n\t\t\t\t<\/div>\n\t\t\t\t<\/div>\n\t\t\t\t\t<\/div>\n\t\t\t\t<\/div>\n\t\t<div class=\"elementor-element elementor-element-271abf1d e-flex e-con-boxed e-con e-parent\" data-id=\"271abf1d\" data-element_type=\"container\">\n\t\t\t\t\t<div class=\"e-con-inner\">\n\t\t<div class=\"elementor-element elementor-element-2d687d53 e-con-full e-flex e-con e-child\" data-id=\"2d687d53\" data-element_type=\"container\">\n\t\t\t\t<div class=\"elementor-element elementor-element-4381f54b elementor-widget elementor-widget-image\" data-id=\"4381f54b\" data-element_type=\"widget\" data-widget_type=\"image.default\">\n\t\t\t\t<div class=\"elementor-widget-container\">\n\t\t\t\t\t\t\t\t\t\t\t\t\t\t\t<img loading=\"lazy\" decoding=\"async\" width=\"432\" height=\"204\" src=\"https:\/\/www.ecosafetechnology.com\/it\/wp-content\/uploads\/sites\/2\/2025\/04\/Indutrial-display-3.webp\" class=\"attachment-large size-large wp-image-395\" alt=\"\" srcset=\"https:\/\/www.ecosafetechnology.com\/it\/wp-content\/uploads\/sites\/2\/2025\/04\/Indutrial-display-3.webp 432w, https:\/\/www.ecosafetechnology.com\/it\/wp-content\/uploads\/sites\/2\/2025\/04\/Indutrial-display-3-300x142.webp 300w\" sizes=\"(max-width: 432px) 100vw, 432px\" \/>\t\t\t\t\t\t\t\t\t\t\t\t\t\t\t<\/div>\n\t\t\t\t<\/div>\n\t\t\t\t<\/div>\n\t\t<div class=\"elementor-element elementor-element-63bd89b e-con-full e-flex e-con e-child\" data-id=\"63bd89b\" data-element_type=\"container\">\n\t\t\t\t<div class=\"elementor-element elementor-element-51fbf600 elementor-widget elementor-widget-image\" data-id=\"51fbf600\" data-element_type=\"widget\" data-widget_type=\"image.default\">\n\t\t\t\t<div class=\"elementor-widget-container\">\n\t\t\t\t\t\t\t\t\t\t\t\t\t\t\t<img loading=\"lazy\" decoding=\"async\" width=\"166\" height=\"330\" src=\"https:\/\/www.ecosafetechnology.com\/it\/wp-content\/uploads\/sites\/2\/2025\/04\/Indutrial-display-2.webp\" class=\"attachment-large size-large wp-image-396\" alt=\"\" srcset=\"https:\/\/www.ecosafetechnology.com\/it\/wp-content\/uploads\/sites\/2\/2025\/04\/Indutrial-display-2.webp 166w, https:\/\/www.ecosafetechnology.com\/it\/wp-content\/uploads\/sites\/2\/2025\/04\/Indutrial-display-2-151x300.webp 151w\" sizes=\"(max-width: 166px) 100vw, 166px\" \/>\t\t\t\t\t\t\t\t\t\t\t\t\t\t\t<\/div>\n\t\t\t\t<\/div>\n\t\t\t\t<\/div>\n\t\t<div class=\"elementor-element elementor-element-4a0cfdeb e-con-full e-flex e-con e-child\" data-id=\"4a0cfdeb\" data-element_type=\"container\">\n\t\t\t\t<div class=\"elementor-element elementor-element-4db8aefb elementor-widget elementor-widget-image\" data-id=\"4db8aefb\" data-element_type=\"widget\" data-widget_type=\"image.default\">\n\t\t\t\t<div class=\"elementor-widget-container\">\n\t\t\t\t\t\t\t\t\t\t\t\t\t\t\t<img loading=\"lazy\" decoding=\"async\" width=\"599\" height=\"321\" src=\"https:\/\/www.ecosafetechnology.com\/it\/wp-content\/uploads\/sites\/2\/2025\/04\/Indutrial-display-6.webp\" class=\"attachment-large size-large wp-image-397\" alt=\"\" srcset=\"https:\/\/www.ecosafetechnology.com\/it\/wp-content\/uploads\/sites\/2\/2025\/04\/Indutrial-display-6.webp 599w, https:\/\/www.ecosafetechnology.com\/it\/wp-content\/uploads\/sites\/2\/2025\/04\/Indutrial-display-6-300x161.webp 300w\" sizes=\"(max-width: 599px) 100vw, 599px\" \/>\t\t\t\t\t\t\t\t\t\t\t\t\t\t\t<\/div>\n\t\t\t\t<\/div>\n\t\t\t\t<\/div>\n\t\t\t\t\t<\/div>\n\t\t\t\t<\/div>\n\t\t\t\t<\/div>\n\t\t","protected":false},"excerpt":{"rendered":"<p>Next-Gen Display Sunshine Display Technology Limited \u00e8 specializzata nello sviluppo, nella produzione e nella fornitura di alta qualit\u00e0 di moduli LCD dal 2009. Le nostre principali attrezzature di produzione comprendono: 2 linee di taglio e spacco del vetro, 5 linee di produzione COG completamente automatiche, 3 linee di produzione semiautomatiche<\/p>\n","protected":false},"author":1,"featured_media":0,"parent":0,"menu_order":0,"comment_status":"closed","ping_status":"closed","template":"","meta":{"footnotes":""},"class_list":["post-436","page","type-page","status-publish","hentry"],"yoast_head":"<!-- This site is optimized with the Yoast SEO plugin v26.0 - https:\/\/yoast.com\/wordpress\/plugins\/seo\/ -->\n<title>Next-Gen Display - Ecosafe Technology (IT)<\/title>\n<meta name=\"robots\" content=\"index, follow, max-snippet:-1, max-image-preview:large, max-video-preview:-1\" \/>\n<link rel=\"canonical\" href=\"https:\/\/www.ecosafetechnology.com\/it\/next-gen-display\/\" \/>\n<meta property=\"og:locale\" content=\"it_IT\" \/>\n<meta property=\"og:type\" content=\"article\" \/>\n<meta property=\"og:title\" content=\"Next-Gen Display - Ecosafe Technology (IT)\" \/>\n<meta property=\"og:description\" content=\"Next-Gen Display Sunshine Display Technology Limited \u00e8 specializzata nello sviluppo, nella produzione e nella fornitura di alta qualit\u00e0 di moduli LCD dal 2009. Le nostre principali attrezzature di produzione comprendono: 2 linee di taglio e spacco del vetro, 5 linee di produzione COG completamente automatiche, 3 linee di produzione semiautomatiche\" \/>\n<meta property=\"og:url\" content=\"https:\/\/www.ecosafetechnology.com\/it\/next-gen-display\/\" \/>\n<meta property=\"og:site_name\" content=\"Ecosafe Technology (IT)\" \/>\n<meta property=\"article:modified_time\" content=\"2025-04-22T14:55:40+00:00\" \/>\n<meta property=\"og:image\" content=\"https:\/\/www.ecosafetechnology.com\/it\/wp-content\/uploads\/sites\/2\/2025\/04\/Indutrial-display.webp\" \/>\n\t<meta property=\"og:image:width\" content=\"796\" \/>\n\t<meta property=\"og:image:height\" content=\"464\" \/>\n\t<meta property=\"og:image:type\" content=\"image\/webp\" \/>\n<meta name=\"twitter:card\" content=\"summary_large_image\" \/>\n<meta name=\"twitter:label1\" content=\"Tempo di lettura stimato\" \/>\n\t<meta name=\"twitter:data1\" content=\"3 minuti\" \/>\n<script type=\"application\/ld+json\" class=\"yoast-schema-graph\">{\"@context\":\"https:\/\/schema.org\",\"@graph\":[{\"@type\":\"WebPage\",\"@id\":\"https:\/\/www.ecosafetechnology.com\/it\/next-gen-display\/\",\"url\":\"https:\/\/www.ecosafetechnology.com\/it\/next-gen-display\/\",\"name\":\"Next-Gen Display - Ecosafe Technology (IT)\",\"isPartOf\":{\"@id\":\"https:\/\/www.ecosafetechnology.com\/it\/#website\"},\"primaryImageOfPage\":{\"@id\":\"https:\/\/www.ecosafetechnology.com\/it\/next-gen-display\/#primaryimage\"},\"image\":{\"@id\":\"https:\/\/www.ecosafetechnology.com\/it\/next-gen-display\/#primaryimage\"},\"thumbnailUrl\":\"https:\/\/www.ecosafetechnology.com\/it\/wp-content\/uploads\/sites\/2\/2025\/04\/Indutrial-display.webp\",\"datePublished\":\"2025-04-04T13:40:24+00:00\",\"dateModified\":\"2025-04-22T14:55:40+00:00\",\"breadcrumb\":{\"@id\":\"https:\/\/www.ecosafetechnology.com\/it\/next-gen-display\/#breadcrumb\"},\"inLanguage\":\"it-IT\",\"potentialAction\":[{\"@type\":\"ReadAction\",\"target\":[\"https:\/\/www.ecosafetechnology.com\/it\/next-gen-display\/\"]}]},{\"@type\":\"ImageObject\",\"inLanguage\":\"it-IT\",\"@id\":\"https:\/\/www.ecosafetechnology.com\/it\/next-gen-display\/#primaryimage\",\"url\":\"https:\/\/www.ecosafetechnology.com\/it\/wp-content\/uploads\/sites\/2\/2025\/04\/Indutrial-display.webp\",\"contentUrl\":\"https:\/\/www.ecosafetechnology.com\/it\/wp-content\/uploads\/sites\/2\/2025\/04\/Indutrial-display.webp\",\"width\":796,\"height\":464},{\"@type\":\"BreadcrumbList\",\"@id\":\"https:\/\/www.ecosafetechnology.com\/it\/next-gen-display\/#breadcrumb\",\"itemListElement\":[{\"@type\":\"ListItem\",\"position\":1,\"name\":\"Home\",\"item\":\"https:\/\/www.ecosafetechnology.com\/it\/\"},{\"@type\":\"ListItem\",\"position\":2,\"name\":\"Next-Gen Display\"}]},{\"@type\":\"WebSite\",\"@id\":\"https:\/\/www.ecosafetechnology.com\/it\/#website\",\"url\":\"https:\/\/www.ecosafetechnology.com\/it\/\",\"name\":\"Ecosafe Technology (IT)\",\"description\":\"\",\"potentialAction\":[{\"@type\":\"SearchAction\",\"target\":{\"@type\":\"EntryPoint\",\"urlTemplate\":\"https:\/\/www.ecosafetechnology.com\/it\/?s={search_term_string}\"},\"query-input\":{\"@type\":\"PropertyValueSpecification\",\"valueRequired\":true,\"valueName\":\"search_term_string\"}}],\"inLanguage\":\"it-IT\"}]}<\/script>\n<!-- \/ Yoast SEO plugin. -->","yoast_head_json":{"title":"Next-Gen Display - Ecosafe Technology (IT)","robots":{"index":"index","follow":"follow","max-snippet":"max-snippet:-1","max-image-preview":"max-image-preview:large","max-video-preview":"max-video-preview:-1"},"canonical":"https:\/\/www.ecosafetechnology.com\/it\/next-gen-display\/","og_locale":"it_IT","og_type":"article","og_title":"Next-Gen Display - Ecosafe Technology (IT)","og_description":"Next-Gen Display Sunshine Display Technology Limited \u00e8 specializzata nello sviluppo, nella produzione e nella fornitura di alta qualit\u00e0 di moduli LCD dal 2009. Le nostre principali attrezzature di produzione comprendono: 2 linee di taglio e spacco del vetro, 5 linee di produzione COG completamente automatiche, 3 linee di produzione semiautomatiche","og_url":"https:\/\/www.ecosafetechnology.com\/it\/next-gen-display\/","og_site_name":"Ecosafe Technology (IT)","article_modified_time":"2025-04-22T14:55:40+00:00","og_image":[{"width":796,"height":464,"url":"https:\/\/www.ecosafetechnology.com\/it\/wp-content\/uploads\/sites\/2\/2025\/04\/Indutrial-display.webp","type":"image\/webp"}],"twitter_card":"summary_large_image","twitter_misc":{"Tempo di lettura stimato":"3 minuti"},"schema":{"@context":"https:\/\/schema.org","@graph":[{"@type":"WebPage","@id":"https:\/\/www.ecosafetechnology.com\/it\/next-gen-display\/","url":"https:\/\/www.ecosafetechnology.com\/it\/next-gen-display\/","name":"Next-Gen Display - Ecosafe Technology (IT)","isPartOf":{"@id":"https:\/\/www.ecosafetechnology.com\/it\/#website"},"primaryImageOfPage":{"@id":"https:\/\/www.ecosafetechnology.com\/it\/next-gen-display\/#primaryimage"},"image":{"@id":"https:\/\/www.ecosafetechnology.com\/it\/next-gen-display\/#primaryimage"},"thumbnailUrl":"https:\/\/www.ecosafetechnology.com\/it\/wp-content\/uploads\/sites\/2\/2025\/04\/Indutrial-display.webp","datePublished":"2025-04-04T13:40:24+00:00","dateModified":"2025-04-22T14:55:40+00:00","breadcrumb":{"@id":"https:\/\/www.ecosafetechnology.com\/it\/next-gen-display\/#breadcrumb"},"inLanguage":"it-IT","potentialAction":[{"@type":"ReadAction","target":["https:\/\/www.ecosafetechnology.com\/it\/next-gen-display\/"]}]},{"@type":"ImageObject","inLanguage":"it-IT","@id":"https:\/\/www.ecosafetechnology.com\/it\/next-gen-display\/#primaryimage","url":"https:\/\/www.ecosafetechnology.com\/it\/wp-content\/uploads\/sites\/2\/2025\/04\/Indutrial-display.webp","contentUrl":"https:\/\/www.ecosafetechnology.com\/it\/wp-content\/uploads\/sites\/2\/2025\/04\/Indutrial-display.webp","width":796,"height":464},{"@type":"BreadcrumbList","@id":"https:\/\/www.ecosafetechnology.com\/it\/next-gen-display\/#breadcrumb","itemListElement":[{"@type":"ListItem","position":1,"name":"Home","item":"https:\/\/www.ecosafetechnology.com\/it\/"},{"@type":"ListItem","position":2,"name":"Next-Gen Display"}]},{"@type":"WebSite","@id":"https:\/\/www.ecosafetechnology.com\/it\/#website","url":"https:\/\/www.ecosafetechnology.com\/it\/","name":"Ecosafe Technology (IT)","description":"","potentialAction":[{"@type":"SearchAction","target":{"@type":"EntryPoint","urlTemplate":"https:\/\/www.ecosafetechnology.com\/it\/?s={search_term_string}"},"query-input":{"@type":"PropertyValueSpecification","valueRequired":true,"valueName":"search_term_string"}}],"inLanguage":"it-IT"}]}},"_links":{"self":[{"href":"https:\/\/www.ecosafetechnology.com\/it\/wp-json\/wp\/v2\/pages\/436","targetHints":{"allow":["GET"]}}],"collection":[{"href":"https:\/\/www.ecosafetechnology.com\/it\/wp-json\/wp\/v2\/pages"}],"about":[{"href":"https:\/\/www.ecosafetechnology.com\/it\/wp-json\/wp\/v2\/types\/page"}],"author":[{"embeddable":true,"href":"https:\/\/www.ecosafetechnology.com\/it\/wp-json\/wp\/v2\/users\/1"}],"replies":[{"embeddable":true,"href":"https:\/\/www.ecosafetechnology.com\/it\/wp-json\/wp\/v2\/comments?post=436"}],"version-history":[{"count":16,"href":"https:\/\/www.ecosafetechnology.com\/it\/wp-json\/wp\/v2\/pages\/436\/revisions"}],"predecessor-version":[{"id":502,"href":"https:\/\/www.ecosafetechnology.com\/it\/wp-json\/wp\/v2\/pages\/436\/revisions\/502"}],"wp:attachment":[{"href":"https:\/\/www.ecosafetechnology.com\/it\/wp-json\/wp\/v2\/media?parent=436"}],"curies":[{"name":"wp","href":"https:\/\/api.w.org\/{rel}","templated":true}]}}